{"id":3060,"date":"2025-11-11T14:13:58","date_gmt":"2025-11-11T06:13:58","guid":{"rendered":"http:\/\/aserdiode-ld.com\/?post_type=product&#038;p=3060"},"modified":"2025-11-17T15:17:18","modified_gmt":"2025-11-17T07:17:18","slug":"520-nm-2-w-105-%c2%b5m-fasergekoppeltes-blaues-laserdiodenmodul","status":"publish","type":"product","link":"https:\/\/laserdiode-ld.com\/de\/product\/520-nm-2-w-105-%c2%b5m-fasergekoppeltes-blaues-laserdiodenmodul","title":{"rendered":"520 nm, 2 W, 105 \u00b5m, blau"},"content":{"rendered":"<p>Wavespectrum Laser ist ein Hersteller von hochwertigen und leistungsstarken Diodenlaserprodukten. Wir haben uns der Entwicklung, Herstellung und dem Vertrieb von leistungsstarken Laserprodukten verschrieben. Der Wellenl\u00e4ngenbereich ist breit gef\u00e4chert, die Produktpalette vielf\u00e4ltig. Es sind Single-Mode-Fasern, Multi-Mode-Fasern und polarisationserhaltende Fasern erh\u00e4ltlich. Wir kontrollieren die Produktqualit\u00e4t streng und haben uns mit unserer herausragenden Leistung gro\u00dfes Lob von Kunden auf der ganzen Welt verdient.<\/p>\n<p>Wavespectrum Laser ist stolz darauf, das 520 nm 2 W 105 um fasergekoppelte blaue Laserdiodenmodul anbieten zu k\u00f6nnen. Dar\u00fcber hinaus sind wir in der Lage, kundenspezifische Leistungsvarianten des 520 nm 105 um fasergekoppelten blauen Laserdiodenmoduls gem\u00e4\u00df den Anforderungen unserer Kunden anzubieten. Dar\u00fcber hinaus bieten wir eine breite Palette von Lasern mit \u00e4hnlichen Wellenl\u00e4ngen an, darunter 375 nm, 395 nm, 400 nm, 420 nm, 435 nm, 455 nm, 465 nm, 488 nm, 495 nm und 505 nm.<\/p>","protected":false},"excerpt":{"rendered":"<p>Das 520 nm 2 W 105 \u00b5m fasergekoppelte blaue Laserdiodenmodul ist ein Hochleistungs-Halbleiterlaserprodukt, wobei Thermistor, Fotodiode und roter Zielstrahl optional sind. Der Faserkern des Lasermoduls betr\u00e4gt 105 \u00b5m und die numerische Apertur der Faser 0,22. Die Faseranschl\u00fcsse SMA905, FC, ST und SC sind optional. Dieses 520 nm 2 W 105 \u00b5m fasergekoppelte blaue Laserdiodenmodul zeichnet sich durch hohe Leistung und lange Lebensdauer aus und wird von vielen industriellen und wissenschaftlichen Anwendern gesch\u00e4tzt. Dieses Lasermodul wird h\u00e4ufig in den Bereichen Laseranzeige, Laserprojektion, wissenschaftliche Forschung, medizinische Behandlung, biologische Detektion und anderen Bereichen eingesetzt. Auf Kundenwunsch k\u00f6nnen wir auch Lasermodule in einer faserabnehmbaren Version anbieten. Wavespectrum Laser kann auch andere Leistungsversionen des 520 nm 105 \u00b5m fasergekoppelten blauen Laserdiodenmoduls nach Kundenwunsch anpassen.<\/p>","protected":false},"featured_media":2858,"comment_status":"open","ping_status":"closed","template":"","meta":{"themepark_post_bcolor":"#f5f5f5","themepark_post_width":"1022px","themepark_post_img":"","themepark_post_img_po":"left","themepark_post_img_re":false,"themepark_post_img_cover":false,"themepark_post_img_fixed":false,"themepark_post_hide_title":false,"themepark_post_main_b":"","themepark_post_main_p":100,"themepark_paddingblock":false,"_wpscp_schedule_draft_date":"","_wpscp_schedule_republish_date":"","_wpscppro_advance_schedule":false,"_wpscppro_advance_schedule_date":"","_wpscppro_dont_share_socialmedia":false,"_wpscppro_custom_social_share_image":0,"_facebook_share_type":"","_twitter_share_type":"","_linkedin_share_type":"","_pinterest_share_type":"","_linkedin_share_type_page":"","_instagram_share_type":"","_medium_share_type":"","_threads_share_type":"","_google_business_share_type":"","_selected_social_profile":[],"_wpsp_enable_custom_social_template":false,"_wpsp_social_scheduling":{"enabled":false,"datetime":null,"platforms":[],"status":"template_only","dateOption":"today","timeOption":"now","customDays":"","customHours":"","customDate":"","customTime":"","schedulingType":"absolute"},"_wpsp_active_default_template":true},"product_brand":[],"product_cat":[42,153],"product_tag":[],"class_list":{"0":"post-3060","1":"product","2":"type-product","3":"status-publish","4":"has-post-thumbnail","6":"product_cat-multi-mode-fiber-coupled-laser-module","7":"product_cat-520nm-multi-mode-fiber-coupled-laser-module","9":"first","10":"instock","11":"shipping-taxable","12":"product-type-simple"},"aioseo_notices":[],"_links":{"self":[{"href":"https:\/\/laserdiode-ld.com\/de\/wp-json\/wp\/v2\/product\/3060","targetHints":{"allow":["GET"]}}],"collection":[{"href":"https:\/\/laserdiode-ld.com\/de\/wp-json\/wp\/v2\/product"}],"about":[{"href":"https:\/\/laserdiode-ld.com\/de\/wp-json\/wp\/v2\/types\/product"}],"replies":[{"embeddable":true,"href":"https:\/\/laserdiode-ld.com\/de\/wp-json\/wp\/v2\/comments?post=3060"}],"wp:featuredmedia":[{"embeddable":true,"href":"https:\/\/laserdiode-ld.com\/de\/wp-json\/wp\/v2\/media\/2858"}],"wp:attachment":[{"href":"https:\/\/laserdiode-ld.com\/de\/wp-json\/wp\/v2\/media?parent=3060"}],"wp:term":[{"taxonomy":"product_brand","embeddable":true,"href":"https:\/\/laserdiode-ld.com\/de\/wp-json\/wp\/v2\/product_brand?post=3060"},{"taxonomy":"product_cat","embeddable":true,"href":"https:\/\/laserdiode-ld.com\/de\/wp-json\/wp\/v2\/product_cat?post=3060"},{"taxonomy":"product_tag","embeddable":true,"href":"https:\/\/laserdiode-ld.com\/de\/wp-json\/wp\/v2\/product_tag?post=3060"}],"curies":[{"name":"wp","href":"https:\/\/api.w.org\/{rel}","templated":true}]}}