{"id":3043,"date":"2025-11-11T14:06:08","date_gmt":"2025-11-11T06:06:08","guid":{"rendered":"http:\/\/aserdiode-ld.com\/?post_type=product&#038;p=3043"},"modified":"2025-11-17T15:16:26","modified_gmt":"2025-11-17T07:16:26","slug":"520-nm-800-mw-50-%c2%b5m-multimode-glasfaser-gekoppeltes-ld-modul","status":"publish","type":"product","link":"https:\/\/laserdiode-ld.com\/de\/product\/520-nm-800-mw-50-%c2%b5m-multimode-glasfaser-gekoppeltes-ld-modul","title":{"rendered":"520 nm, 800 mW, 50 \u00b5m LD"},"content":{"rendered":"<p>Wavespectrum Laser ist ein Hersteller von hochwertigen und leistungsstarken Diodenlaserprodukten. Wir haben uns der Entwicklung, Herstellung und dem Vertrieb von leistungsstarken Laserprodukten verschrieben. Der Wellenl\u00e4ngenbereich ist breit gef\u00e4chert, die Produktpalette vielf\u00e4ltig. Es sind Single-Mode-Fasern, Multi-Mode-Fasern und polarisationserhaltende Fasern erh\u00e4ltlich. Wir kontrollieren die Produktqualit\u00e4t streng und haben uns mit unserer herausragenden Leistung gro\u00dfes Lob von Kunden auf der ganzen Welt verdient.<\/p>\n<p>Wavespectrum Laser freut sich, Ihnen unser 520 nm 800 mW 50 um Multimode-Glasfaser-gekoppeltes LD-Modul vorstellen zu d\u00fcrfen. Dar\u00fcber hinaus sind wir in der Lage, kundenspezifische Leistungsvarianten des 520 nm 50 um Multimode-Glasfaser-gekoppelten LD-Moduls gem\u00e4\u00df den Anforderungen unserer Kunden anzubieten. Dar\u00fcber hinaus bieten wir eine breite Palette an Lasern mit \u00e4hnlichen Wellenl\u00e4ngen an, darunter 375 nm, 395 nm, 400 nm, 420 nm, 435 nm, 445 nm, 455 nm, 465 nm, 488 nm und 505 nm.<\/p>","protected":false},"excerpt":{"rendered":"<p>Das 520 nm 800 mW 50 \u00b5m Multimode-Glasfaser-gekoppelte LD-Modul ist mit einem B7-Geh\u00e4use ausgestattet, das ein platzsparendes Design garantiert. Es bietet zus\u00e4tzliche Funktionen wie eine Fotodiode und einen TE-K\u00fchler. Der Faserkern dieses Lasermoduls betr\u00e4gt 50 \u00b5m, die numerische Apertur der Faser betr\u00e4gt 0,12. Um die Flexibilit\u00e4t f\u00fcr den Kunden zu erh\u00f6hen, sind alternative Faseroptionen mit 105 \u00b5m, 200 \u00b5m und 400 \u00b5m Multimode-Faser erh\u00e4ltlich. Das 520 nm 800 mW 50 \u00b5m Multimode-Glasfaser-gekoppelte LD-Modul zeichnet sich durch seine hohe Kopplungseffizienz, au\u00dfergew\u00f6hnliche Leistung und lange Lebensdauer aus. Es erm\u00f6glicht eine einfache Integration in die Ger\u00e4te des Kunden. Viele solcher Lasermodule haben in verschiedenen Branchen breite Anwendung gefunden und werden von Kunden aufgrund ihrer hohen Zuverl\u00e4ssigkeit sehr gesch\u00e4tzt. Wavespectrum Laser bietet ma\u00dfgeschneiderte Anpassungen f\u00fcr das 520 nm 50 \u00b5m Multimodefaser-gekoppelte LD-Modul, das auf die speziellen Anforderungen jedes Kunden zugeschnitten ist.<\/p>","protected":false},"featured_media":2858,"comment_status":"open","ping_status":"closed","template":"","meta":{"themepark_post_bcolor":"#f5f5f5","themepark_post_width":"1022px","themepark_post_img":"","themepark_post_img_po":"left","themepark_post_img_re":false,"themepark_post_img_cover":false,"themepark_post_img_fixed":false,"themepark_post_hide_title":false,"themepark_post_main_b":"","themepark_post_main_p":100,"themepark_paddingblock":false,"_wpscp_schedule_draft_date":"","_wpscp_schedule_republish_date":"","_wpscppro_advance_schedule":false,"_wpscppro_advance_schedule_date":"","_wpscppro_dont_share_socialmedia":false,"_wpscppro_custom_social_share_image":0,"_facebook_share_type":"","_twitter_share_type":"","_linkedin_share_type":"","_pinterest_share_type":"","_linkedin_share_type_page":"","_instagram_share_type":"","_medium_share_type":"","_threads_share_type":"","_google_business_share_type":"","_selected_social_profile":[],"_wpsp_enable_custom_social_template":false,"_wpsp_social_scheduling":{"enabled":false,"datetime":null,"platforms":[],"status":"template_only","dateOption":"today","timeOption":"now","customDays":"","customHours":"","customDate":"","customTime":"","schedulingType":"absolute"},"_wpsp_active_default_template":true},"product_brand":[],"product_cat":[42,153],"product_tag":[],"class_list":{"0":"post-3043","1":"product","2":"type-product","3":"status-publish","4":"has-post-thumbnail","6":"product_cat-multi-mode-fiber-coupled-laser-module","7":"product_cat-520nm-multi-mode-fiber-coupled-laser-module","9":"first","10":"instock","11":"shipping-taxable","12":"product-type-simple"},"aioseo_notices":[],"_links":{"self":[{"href":"https:\/\/laserdiode-ld.com\/de\/wp-json\/wp\/v2\/product\/3043","targetHints":{"allow":["GET"]}}],"collection":[{"href":"https:\/\/laserdiode-ld.com\/de\/wp-json\/wp\/v2\/product"}],"about":[{"href":"https:\/\/laserdiode-ld.com\/de\/wp-json\/wp\/v2\/types\/product"}],"replies":[{"embeddable":true,"href":"https:\/\/laserdiode-ld.com\/de\/wp-json\/wp\/v2\/comments?post=3043"}],"wp:featuredmedia":[{"embeddable":true,"href":"https:\/\/laserdiode-ld.com\/de\/wp-json\/wp\/v2\/media\/2858"}],"wp:attachment":[{"href":"https:\/\/laserdiode-ld.com\/de\/wp-json\/wp\/v2\/media?parent=3043"}],"wp:term":[{"taxonomy":"product_brand","embeddable":true,"href":"https:\/\/laserdiode-ld.com\/de\/wp-json\/wp\/v2\/product_brand?post=3043"},{"taxonomy":"product_cat","embeddable":true,"href":"https:\/\/laserdiode-ld.com\/de\/wp-json\/wp\/v2\/product_cat?post=3043"},{"taxonomy":"product_tag","embeddable":true,"href":"https:\/\/laserdiode-ld.com\/de\/wp-json\/wp\/v2\/product_tag?post=3043"}],"curies":[{"name":"wp","href":"https:\/\/api.w.org\/{rel}","templated":true}]}}