{"id":3012,"date":"2025-11-11T11:16:50","date_gmt":"2025-11-11T03:16:50","guid":{"rendered":"http:\/\/aserdiode-ld.com\/?post_type=product&#038;p=3012"},"modified":"2025-11-17T15:15:07","modified_gmt":"2025-11-17T07:15:07","slug":"495-nm-80-mw-14-poliger-butterfly-anschluss-105-%c2%b5m-pigtail-faser-diodenlasermodul","status":"publish","type":"product","link":"https:\/\/laserdiode-ld.com\/de\/product\/495-nm-80-mw-14-poliger-butterfly-anschluss-105-%c2%b5m-pigtail-faser-diodenlasermodul","title":{"rendered":"495 nm, 80 mW, 14-polig, Butterfly, 105 \u00b5m, mit Pigtail"},"content":{"rendered":"<p>Wavespectrum Laser ist ein Hersteller von hochwertigen und leistungsstarken Diodenlaserprodukten. Wir haben uns der Entwicklung, Herstellung und dem Vertrieb von leistungsstarken Laserprodukten verschrieben. Der Wellenl\u00e4ngenbereich ist breit gef\u00e4chert, die Produktpalette vielf\u00e4ltig. Es sind Single-Mode-Fasern, Multi-Mode-Fasern und polarisationserhaltende Fasern erh\u00e4ltlich. Wir kontrollieren die Produktqualit\u00e4t streng und haben uns mit unserer herausragenden Leistung gro\u00dfes Lob von Kunden auf der ganzen Welt verdient.<\/p>\n<p>Wavespectrum Laser freut sich, Ihnen unser 495 nm 80 mW 14-Pin-Butterfly-105-\u00b5m-Faser-Pigtail-Diodenlasermodul vorstellen zu d\u00fcrfen. Wir sind auch bestens darauf vorbereitet, verschiedene Leistungskonfigurationen des 495 nm 14-Pin-Butterfly-105-\u00b5m-Faser-Pigtail-Diodenlasermoduls zu liefern, um den vielf\u00e4ltigen Anforderungen unserer Kunden gerecht zu werden. Dar\u00fcber hinaus bieten wir ein umfassendes Portfolio an Laserprodukten mit nahen Wellenl\u00e4ngen, das Laseroptionen mit 400 nm, 455 nm, 480 nm, 495 nm, 505 nm, 520 nm, 635 nm, 660 nm und 670 nm umfasst.<\/p>","protected":false},"excerpt":{"rendered":"<p>Das 495 nm 80 mW 14-Pin-Butterfly-105-\u00b5m-Faser-Pigtail-Diodenlasermodul ist ein Multimode-Diodenlaserprodukt, wobei die 105-\u00b5m-, 200-\u00b5m- und 400-\u00b5m-Faser optional erh\u00e4ltlich sind. Es verf\u00fcgt \u00fcber einen TE-K\u00fchler, einen Thermistor und eine Fotodiode, die eine effiziente Temperaturregelung und Leistungs\u00fcberwachung erm\u00f6glichen. Das 495 nm 80 mW 14-Pin-Butterfly-105-\u00b5m-Faser-Pigtail-Diodenlasermodul zeichnet sich durch seine hohe Kopplungseffizienz und lange Lebensdauer aus und l\u00e4sst sich leicht in Kundenanlagen integrieren. Es wird von Fachleuten aus Industrie und Wissenschaft sehr gesch\u00e4tzt. Die 14-Pin-Butterfly-Lasermodule finden breite Anwendung in Bereichen wie industrieller Verarbeitung, Laseranzeigen, Sensorik, medizinischen Anwendungen, Unterhaltungselektronik, Kommunikation und wissenschaftlicher Forschung. Wavespectrum Laser ist auf ma\u00dfgeschneiderte L\u00f6sungen f\u00fcr 495 nm 14-Pin-Butterfly-105-\u00b5m-Faser-Pigtail-Diodenlasermodule spezialisiert und stellt sicher, dass die spezifischen Anforderungen jedes Kunden sorgf\u00e4ltig ber\u00fccksichtigt werden.<\/p>","protected":false},"featured_media":2858,"comment_status":"open","ping_status":"closed","template":"","meta":{"themepark_post_bcolor":"#f5f5f5","themepark_post_width":"1022px","themepark_post_img":"","themepark_post_img_po":"left","themepark_post_img_re":false,"themepark_post_img_cover":false,"themepark_post_img_fixed":false,"themepark_post_hide_title":false,"themepark_post_main_b":"","themepark_post_main_p":100,"themepark_paddingblock":false,"_wpscp_schedule_draft_date":"","_wpscp_schedule_republish_date":"","_wpscppro_advance_schedule":false,"_wpscppro_advance_schedule_date":"","_wpscppro_dont_share_socialmedia":false,"_wpscppro_custom_social_share_image":0,"_facebook_share_type":"","_twitter_share_type":"","_linkedin_share_type":"","_pinterest_share_type":"","_linkedin_share_type_page":"","_instagram_share_type":"","_medium_share_type":"","_threads_share_type":"","_google_business_share_type":"","_selected_social_profile":[],"_wpsp_enable_custom_social_template":false,"_wpsp_social_scheduling":{"enabled":false,"datetime":null,"platforms":[],"status":"template_only","dateOption":"today","timeOption":"now","customDays":"","customHours":"","customDate":"","customTime":"","schedulingType":"absolute"},"_wpsp_active_default_template":true},"product_brand":[],"product_cat":[42,151],"product_tag":[],"class_list":{"0":"post-3012","1":"product","2":"type-product","3":"status-publish","4":"has-post-thumbnail","6":"product_cat-multi-mode-fiber-coupled-laser-module","7":"product_cat-495nm-multi-mode-fiber-coupled-laser-module","9":"first","10":"instock","11":"shipping-taxable","12":"product-type-simple"},"aioseo_notices":[],"_links":{"self":[{"href":"https:\/\/laserdiode-ld.com\/de\/wp-json\/wp\/v2\/product\/3012","targetHints":{"allow":["GET"]}}],"collection":[{"href":"https:\/\/laserdiode-ld.com\/de\/wp-json\/wp\/v2\/product"}],"about":[{"href":"https:\/\/laserdiode-ld.com\/de\/wp-json\/wp\/v2\/types\/product"}],"replies":[{"embeddable":true,"href":"https:\/\/laserdiode-ld.com\/de\/wp-json\/wp\/v2\/comments?post=3012"}],"wp:featuredmedia":[{"embeddable":true,"href":"https:\/\/laserdiode-ld.com\/de\/wp-json\/wp\/v2\/media\/2858"}],"wp:attachment":[{"href":"https:\/\/laserdiode-ld.com\/de\/wp-json\/wp\/v2\/media?parent=3012"}],"wp:term":[{"taxonomy":"product_brand","embeddable":true,"href":"https:\/\/laserdiode-ld.com\/de\/wp-json\/wp\/v2\/product_brand?post=3012"},{"taxonomy":"product_cat","embeddable":true,"href":"https:\/\/laserdiode-ld.com\/de\/wp-json\/wp\/v2\/product_cat?post=3012"},{"taxonomy":"product_tag","embeddable":true,"href":"https:\/\/laserdiode-ld.com\/de\/wp-json\/wp\/v2\/product_tag?post=3012"}],"curies":[{"name":"wp","href":"https:\/\/api.w.org\/{rel}","templated":true}]}}