{"id":2892,"date":"2025-11-10T14:01:08","date_gmt":"2025-11-10T06:01:08","guid":{"rendered":"http:\/\/aserdiode-ld.com\/?post_type=product&#038;p=2892"},"modified":"2025-11-17T15:04:18","modified_gmt":"2025-11-17T07:04:18","slug":"405-nm-400-mw-mit-gekuhltem-fasergekoppeltem-laserdiodenmodul","status":"publish","type":"product","link":"https:\/\/laserdiode-ld.com\/de\/product\/405-nm-400-mw-mit-gekuhltem-fasergekoppeltem-laserdiodenmodul","title":{"rendered":"405 nm, 400 mW mit TE-K\u00fchler"},"content":{"rendered":"<p>Wavespectrum Laser ist ein Hersteller von hochwertigen und leistungsstarken Diodenlaserprodukten. Wir haben uns der Entwicklung, Herstellung und dem Vertrieb von leistungsstarken Laserprodukten verschrieben. Der Wellenl\u00e4ngenbereich ist breit gef\u00e4chert, die Produktpalette vielf\u00e4ltig. Es sind Single-Mode-Fasern, Multi-Mode-Fasern und polarisationserhaltende Fasern erh\u00e4ltlich. Wir kontrollieren die Produktqualit\u00e4t streng und haben uns mit unserer herausragenden Leistung gro\u00dfes Lob von Kunden auf der ganzen Welt verdient.<\/p>\n<p>Wavespectrum Laser bietet das 405 nm 400 mW-Modul mit TE-K\u00fchler und fasergekoppeltem Laserdiodenmodul an. Dar\u00fcber hinaus k\u00f6nnen wir unseren Kunden auch verschiedene Leistungsversionen des 405 nm-Moduls mit TE-K\u00fchler und fasergekoppeltem Laserdiodenmodul liefern. F\u00fcr Laserprodukte mit nahen Wellenl\u00e4ngen k\u00f6nnen wir unseren Kunden auch Laserprodukte mit 375 nm, 395 nm, 400 nm, 420 nm, 435 nm, 455 nm, 465 nm, 505 nm und 520 nm anbieten.<\/p>","protected":false},"excerpt":{"rendered":"<p>Das 405 nm 400 mW TE-gek\u00fchlte fasergekoppelte Laserdiodenmodul verf\u00fcgt \u00fcber eine 50-\u00b5m-Multimodefaser, wobei die Anschl\u00fcsse FC, SC, ST und SMA905 optional sind. Dieses Diodenlasermodul enth\u00e4lt einen Halbleiterk\u00fchler und einen Thermistor, wodurch Kunden die Betriebstemperatur bequem regeln k\u00f6nnen. Wir empfehlen Betreibern, einen geeigneten K\u00fchlk\u00f6rper und L\u00fcfter vorzubereiten, um die vom Lasermodul erzeugte W\u00e4rme abzuleiten. Dieses 405 nm 400 mW mit TE-K\u00fchler und fasergekoppeltem Laserdiodenmodul zeichnet sich durch eine hohe Kopplungseffizienz und hohe Leistung aus und wurde von in- und ausl\u00e4ndischen Kunden aus Industrie und wissenschaftlicher Forschung positiv aufgenommen und gelobt. Dieses LD-Modul hat eine kompakte Geh\u00e4usegr\u00f6\u00dfe, wodurch es sich leicht in die Ger\u00e4te des Kunden integrieren l\u00e4sst. Wavespectrum Laser kann auch andere Leistungsversionen des 405 nm mit TE-K\u00fchler und fasergekoppeltem Laserdiodenmodul gem\u00e4\u00df den Anforderungen des Kunden anpassen.<\/p>","protected":false},"featured_media":2858,"comment_status":"open","ping_status":"closed","template":"","meta":{"themepark_post_bcolor":"#f5f5f5","themepark_post_width":"1022px","themepark_post_img":"","themepark_post_img_po":"left","themepark_post_img_re":false,"themepark_post_img_cover":false,"themepark_post_img_fixed":false,"themepark_post_hide_title":false,"themepark_post_main_b":"","themepark_post_main_p":100,"themepark_paddingblock":false,"_wpscp_schedule_draft_date":"","_wpscp_schedule_republish_date":"","_wpscppro_advance_schedule":false,"_wpscppro_advance_schedule_date":"","_wpscppro_dont_share_socialmedia":false,"_wpscppro_custom_social_share_image":0,"_facebook_share_type":"","_twitter_share_type":"","_linkedin_share_type":"","_pinterest_share_type":"","_linkedin_share_type_page":"","_instagram_share_type":"","_medium_share_type":"","_threads_share_type":"","_google_business_share_type":"","_selected_social_profile":[],"_wpsp_enable_custom_social_template":false,"_wpsp_social_scheduling":{"enabled":false,"datetime":null,"platforms":[],"status":"template_only","dateOption":"today","timeOption":"now","customDays":"","customHours":"","customDate":"","customTime":"","schedulingType":"absolute"},"_wpsp_active_default_template":true},"product_brand":[],"product_cat":[42,140],"product_tag":[],"class_list":{"0":"post-2892","1":"product","2":"type-product","3":"status-publish","4":"has-post-thumbnail","6":"product_cat-multi-mode-fiber-coupled-laser-module","7":"product_cat-405nm-multi-mode-fiber-coupled-laser-module","9":"first","10":"instock","11":"shipping-taxable","12":"product-type-simple"},"aioseo_notices":[],"_links":{"self":[{"href":"https:\/\/laserdiode-ld.com\/de\/wp-json\/wp\/v2\/product\/2892","targetHints":{"allow":["GET"]}}],"collection":[{"href":"https:\/\/laserdiode-ld.com\/de\/wp-json\/wp\/v2\/product"}],"about":[{"href":"https:\/\/laserdiode-ld.com\/de\/wp-json\/wp\/v2\/types\/product"}],"replies":[{"embeddable":true,"href":"https:\/\/laserdiode-ld.com\/de\/wp-json\/wp\/v2\/comments?post=2892"}],"wp:featuredmedia":[{"embeddable":true,"href":"https:\/\/laserdiode-ld.com\/de\/wp-json\/wp\/v2\/media\/2858"}],"wp:attachment":[{"href":"https:\/\/laserdiode-ld.com\/de\/wp-json\/wp\/v2\/media?parent=2892"}],"wp:term":[{"taxonomy":"product_brand","embeddable":true,"href":"https:\/\/laserdiode-ld.com\/de\/wp-json\/wp\/v2\/product_brand?post=2892"},{"taxonomy":"product_cat","embeddable":true,"href":"https:\/\/laserdiode-ld.com\/de\/wp-json\/wp\/v2\/product_cat?post=2892"},{"taxonomy":"product_tag","embeddable":true,"href":"https:\/\/laserdiode-ld.com\/de\/wp-json\/wp\/v2\/product_tag?post=2892"}],"curies":[{"name":"wp","href":"https:\/\/api.w.org\/{rel}","templated":true}]}}