{"id":2768,"date":"2025-11-07T14:31:37","date_gmt":"2025-11-07T06:31:37","guid":{"rendered":"http:\/\/aserdiode-ld.com\/?post_type=product&#038;p=2768"},"modified":"2025-11-17T14:55:40","modified_gmt":"2025-11-17T06:55:40","slug":"880-nm-1-mw-polarisationserhaltendes-fasergekoppeltes-laserdiodenmodul","status":"publish","type":"product","link":"https:\/\/laserdiode-ld.com\/de\/product\/880-nm-1-mw-polarisationserhaltendes-fasergekoppeltes-laserdiodenmodul","title":{"rendered":"880 nm, 1 mW, polarisationsstabil"},"content":{"rendered":"<p>Wavespectrum Laser ist ein Hersteller von hochwertigen und leistungsstarken Diodenlaserprodukten. Wir haben uns der Entwicklung, Herstellung und dem Vertrieb von leistungsstarken Laserprodukten verschrieben. Der Wellenl\u00e4ngenbereich ist breit gef\u00e4chert, die Produktpalette vielf\u00e4ltig. Es sind Single-Mode-Fasern, Multi-Mode-Fasern und polarisationserhaltende Fasern erh\u00e4ltlich. Wir kontrollieren die Produktqualit\u00e4t streng und haben uns mit unserer herausragenden Leistung gro\u00dfes Lob von Kunden auf der ganzen Welt verdient.<br \/>\nWavespectrum Laser bietet 880-nm-1-mW-polarisationserhaltende fasergekoppelte Laserdiodenmodule an. Au\u00dferdem k\u00f6nnen wir unseren Kunden verschiedene Leistungsversionen von 880-nm-PM-fasergekoppelten Laserdiodenmodulen liefern, darunter auch Lasermodule mit h\u00f6herem PER-Wert. F\u00fcr Laserprodukte mit \u00e4hnlichen Wellenl\u00e4ngen k\u00f6nnen wir unseren Kunden auch Laserprodukte mit 850 nm, 860 nm, 905 nm, 940 nm, 980 nm und 1060 nm anbieten.<\/p>","protected":false},"excerpt":{"rendered":"<p>Das 880 nm 1 mW polarisationserhaltende fasergekoppelte Laserdiodenmodul verf\u00fcgt \u00fcber eine 4 um PM-Faser, die PER betr\u00e4gt &gt;13 dB, und das Lasermodul mit h\u00f6herem PER-Wert ist optional erh\u00e4ltlich. Das PM-Lasermodul kann einen Gau\u00dfschen Strahl erzeugen, es verf\u00fcgt \u00fcber ein koaxiales Geh\u00e4use, die Produktgr\u00f6\u00dfe ist kompakt, es ist mit einem PD ausgestattet und der TE-K\u00fchler ist optional erh\u00e4ltlich. Dieses 880 nm 1 mW polarisationserhaltende fasergekoppelte Laserdiodenmodul zeichnet sich durch hohe Leistung und lange Lebensdauer aus. Wir k\u00f6nnen unseren Kunden auch Lasermodule der B8-Serie anbieten. Das Lasermodul der B8-Serie verf\u00fcgt \u00fcber einen kleinen K\u00fchlk\u00f6rper, wodurch es f\u00fcr Kunden einfacher ist, das Lasermodul zu befestigen und zu k\u00fchlen.<br \/>\nWavespectrum Laser kann auch die anderen Leistungsversionen der 880-nm-PM-fasergekoppelten Laserdiodenmodule gem\u00e4\u00df den Anforderungen des Kunden anpassen.<\/p>","protected":false},"featured_media":1917,"comment_status":"open","ping_status":"closed","template":"","meta":{"themepark_post_bcolor":"#f5f5f5","themepark_post_width":"1022px","themepark_post_img":"","themepark_post_img_po":"left","themepark_post_img_re":false,"themepark_post_img_cover":false,"themepark_post_img_fixed":false,"themepark_post_hide_title":false,"themepark_post_main_b":"","themepark_post_main_p":100,"themepark_paddingblock":false,"_wpscp_schedule_draft_date":"","_wpscp_schedule_republish_date":"","_wpscppro_advance_schedule":false,"_wpscppro_advance_schedule_date":"","_wpscppro_dont_share_socialmedia":false,"_wpscppro_custom_social_share_image":0,"_facebook_share_type":"","_twitter_share_type":"","_linkedin_share_type":"","_pinterest_share_type":"","_linkedin_share_type_page":"","_instagram_share_type":"","_medium_share_type":"","_threads_share_type":"","_google_business_share_type":"","_selected_social_profile":[],"_wpsp_enable_custom_social_template":false,"_wpsp_social_scheduling":{"enabled":false,"datetime":null,"platforms":[],"status":"template_only","dateOption":"today","timeOption":"now","customDays":"","customHours":"","customDate":"","customTime":"","schedulingType":"absolute"},"_wpsp_active_default_template":true},"product_brand":[],"product_cat":[112,35],"product_tag":[],"class_list":{"0":"post-2768","1":"product","2":"type-product","3":"status-publish","4":"has-post-thumbnail","6":"product_cat-880nm-single-mode-fiber-coupled-laser-module","7":"product_cat-single-mode-fiber-coupled-laser-module","9":"first","10":"instock","11":"shipping-taxable","12":"product-type-simple"},"aioseo_notices":[],"_links":{"self":[{"href":"https:\/\/laserdiode-ld.com\/de\/wp-json\/wp\/v2\/product\/2768","targetHints":{"allow":["GET"]}}],"collection":[{"href":"https:\/\/laserdiode-ld.com\/de\/wp-json\/wp\/v2\/product"}],"about":[{"href":"https:\/\/laserdiode-ld.com\/de\/wp-json\/wp\/v2\/types\/product"}],"replies":[{"embeddable":true,"href":"https:\/\/laserdiode-ld.com\/de\/wp-json\/wp\/v2\/comments?post=2768"}],"wp:featuredmedia":[{"embeddable":true,"href":"https:\/\/laserdiode-ld.com\/de\/wp-json\/wp\/v2\/media\/1917"}],"wp:attachment":[{"href":"https:\/\/laserdiode-ld.com\/de\/wp-json\/wp\/v2\/media?parent=2768"}],"wp:term":[{"taxonomy":"product_brand","embeddable":true,"href":"https:\/\/laserdiode-ld.com\/de\/wp-json\/wp\/v2\/product_brand?post=2768"},{"taxonomy":"product_cat","embeddable":true,"href":"https:\/\/laserdiode-ld.com\/de\/wp-json\/wp\/v2\/product_cat?post=2768"},{"taxonomy":"product_tag","embeddable":true,"href":"https:\/\/laserdiode-ld.com\/de\/wp-json\/wp\/v2\/product_tag?post=2768"}],"curies":[{"name":"wp","href":"https:\/\/api.w.org\/{rel}","templated":true}]}}