{"id":2731,"date":"2025-11-06T17:23:53","date_gmt":"2025-11-06T09:23:53","guid":{"rendered":"http:\/\/aserdiode-ld.com\/?post_type=product&#038;p=2731"},"modified":"2025-11-17T14:53:21","modified_gmt":"2025-11-17T06:53:21","slug":"830-nm-80-mw-polarisationserhaltende-pigtail-laserdiode","status":"publish","type":"product","link":"https:\/\/laserdiode-ld.com\/de\/product\/830-nm-80-mw-polarisationserhaltende-pigtail-laserdiode","title":{"rendered":"830 nm, 80 mW, polarisationserhaltend, mit Pigtail"},"content":{"rendered":"<p>Wavespectrum Laser ist ein Hersteller von hochwertigen und leistungsstarken Diodenlaserprodukten. Wir haben uns der Entwicklung, Herstellung und dem Vertrieb von leistungsstarken Laserprodukten verschrieben. Der Wellenl\u00e4ngenbereich ist breit gef\u00e4chert, die Produktpalette vielf\u00e4ltig. Es sind Single-Mode-Fasern, Multi-Mode-Fasern und polarisationserhaltende Fasern erh\u00e4ltlich. Wir kontrollieren die Produktqualit\u00e4t streng und haben uns mit unserer herausragenden Leistung gro\u00dfes Lob von Kunden auf der ganzen Welt verdient.<br \/>\nWavespectrum Laser ist f\u00fchrend in der Lieferung von 830 nm 50 mW PMF fasergekoppelten Laserdioden. Wir erf\u00fcllen auch unterschiedliche Anforderungen, indem wir eine Auswahl an Leistungskonfigurationen f\u00fcr die 830 nm PMF fasergekoppelte Laserdiode anbieten. Dar\u00fcber hinaus bieten wir Lasermodule mit erh\u00f6hten PER-Werten f\u00fcr Kunden, die \u00fcberlegene Leistungsf\u00e4higkeiten ben\u00f6tigen. Zus\u00e4tzlich zu unserem bestehenden Angebot freuen wir uns, Ihnen mitteilen zu k\u00f6nnen, dass wir nun eine umfassende Auswahl an Laserprodukten mit \u00e4hnlichen Wellenl\u00e4ngen anbieten, darunter 830 nm, 850 nm, 905 nm, 980 nm und 1064 nm, um den vielf\u00e4ltigen Anforderungen unserer Kunden gerecht zu werden.<\/p>","protected":false},"excerpt":{"rendered":"<p>Die polarisationserhaltende Pigtail-Laserdiode mit 830 nm und 80 mW ist mit einer polarisationserhaltenden Faser mit 4 \u00b5m ausgestattet und weist ein Polarisationsausl\u00f6schungsverh\u00e4ltnis (PER) von mehr als 13 dB auf. Eine weiterentwickelte Version mit einem h\u00f6heren PER-Wert ist auf Anfrage erh\u00e4ltlich. Dieses PM-Lasermodul ist f\u00fcr die Emission eines Gau\u00dfschen Strahls ausgelegt und in einem koaxialen Geh\u00e4use untergebracht, das eine schlanke, kompakte Form aufweist. Es ist mit einer Fotodiode ausgestattet, und der thermoelektrische K\u00fchler (TE-K\u00fchler) ist als Option erh\u00e4ltlich. Die polarisationserhaltende Pigtail-Laserdiode mit 830 nm und 80 mW wurde f\u00fcr au\u00dfergew\u00f6hnliche Leistung und lange Lebensdauer entwickelt. Dar\u00fcber hinaus liefern wir die Lasermodule der B8-Serie, die mit einem Miniatur-K\u00fchlk\u00f6rper ausgestattet sind, der die Installation und K\u00fchlung des Lasermoduls erleichtert und somit den Bedienkomfort verbessert.<br \/>\nWavespectrum Laser ist in der Lage, ma\u00dfgeschneiderte 830-nm-Polarisationserhaltungs-Pigtail-Laserdioden anzubieten, um die spezifischen Leistungsanforderungen unserer Kunden zu erf\u00fcllen.<\/p>","protected":false},"featured_media":1917,"comment_status":"open","ping_status":"closed","template":"","meta":{"themepark_post_bcolor":"#f5f5f5","themepark_post_width":"1022px","themepark_post_img":"","themepark_post_img_po":"left","themepark_post_img_re":false,"themepark_post_img_cover":false,"themepark_post_img_fixed":false,"themepark_post_hide_title":false,"themepark_post_main_b":"","themepark_post_main_p":100,"themepark_paddingblock":false,"_wpscp_schedule_draft_date":"","_wpscp_schedule_republish_date":"","_wpscppro_advance_schedule":false,"_wpscppro_advance_schedule_date":"","_wpscppro_dont_share_socialmedia":false,"_wpscppro_custom_social_share_image":0,"_facebook_share_type":"","_twitter_share_type":"","_linkedin_share_type":"","_pinterest_share_type":"","_linkedin_share_type_page":"","_instagram_share_type":"","_medium_share_type":"","_threads_share_type":"","_google_business_share_type":"","_selected_social_profile":[],"_wpsp_enable_custom_social_template":false,"_wpsp_social_scheduling":{"enabled":false,"datetime":null,"platforms":[],"status":"template_only","dateOption":"today","timeOption":"now","customDays":"","customHours":"","customDate":"","customTime":"","schedulingType":"absolute"},"_wpsp_active_default_template":true},"product_brand":[],"product_cat":[110,35],"product_tag":[],"class_list":{"0":"post-2731","1":"product","2":"type-product","3":"status-publish","4":"has-post-thumbnail","6":"product_cat-830nm-single-mode-fiber-coupled-laser-module","7":"product_cat-single-mode-fiber-coupled-laser-module","9":"first","10":"instock","11":"shipping-taxable","12":"product-type-simple"},"aioseo_notices":[],"_links":{"self":[{"href":"https:\/\/laserdiode-ld.com\/de\/wp-json\/wp\/v2\/product\/2731","targetHints":{"allow":["GET"]}}],"collection":[{"href":"https:\/\/laserdiode-ld.com\/de\/wp-json\/wp\/v2\/product"}],"about":[{"href":"https:\/\/laserdiode-ld.com\/de\/wp-json\/wp\/v2\/types\/product"}],"replies":[{"embeddable":true,"href":"https:\/\/laserdiode-ld.com\/de\/wp-json\/wp\/v2\/comments?post=2731"}],"wp:featuredmedia":[{"embeddable":true,"href":"https:\/\/laserdiode-ld.com\/de\/wp-json\/wp\/v2\/media\/1917"}],"wp:attachment":[{"href":"https:\/\/laserdiode-ld.com\/de\/wp-json\/wp\/v2\/media?parent=2731"}],"wp:term":[{"taxonomy":"product_brand","embeddable":true,"href":"https:\/\/laserdiode-ld.com\/de\/wp-json\/wp\/v2\/product_brand?post=2731"},{"taxonomy":"product_cat","embeddable":true,"href":"https:\/\/laserdiode-ld.com\/de\/wp-json\/wp\/v2\/product_cat?post=2731"},{"taxonomy":"product_tag","embeddable":true,"href":"https:\/\/laserdiode-ld.com\/de\/wp-json\/wp\/v2\/product_tag?post=2731"}],"curies":[{"name":"wp","href":"https:\/\/api.w.org\/{rel}","templated":true}]}}