{"id":2373,"date":"2025-11-04T10:12:03","date_gmt":"2025-11-04T02:12:03","guid":{"rendered":"http:\/\/aserdiode-ld.com\/?post_type=product&#038;p=2373"},"modified":"2025-11-17T14:21:32","modified_gmt":"2025-11-17T06:21:32","slug":"650-nm-50-mw-smf-laserdiode-mit-pigtail","status":"publish","type":"product","link":"https:\/\/laserdiode-ld.com\/de\/product\/650-nm-50-mw-smf-laserdiode-mit-pigtail","title":{"rendered":"650 nm, 50 mW, mit Pigtail"},"content":{"rendered":"<p>Wavespectrum Laser ist ein Hersteller von hochwertigen und leistungsstarken Diodenlaserprodukten. Wir haben uns der Entwicklung, Herstellung und dem Vertrieb von leistungsstarken Laserprodukten verschrieben. Der Wellenl\u00e4ngenbereich ist breit gef\u00e4chert, die Produktpalette vielf\u00e4ltig. Es sind Single-Mode-Fasern, Multi-Mode-Fasern und polarisationserhaltende Fasern erh\u00e4ltlich. Wir kontrollieren die Produktqualit\u00e4t streng und haben uns mit unserer herausragenden Leistung gro\u00dfes Lob von Kunden auf der ganzen Welt verdient.<br \/>\nWavespectrum Laser freut sich, Ihnen unsere 650 nm 50 mW SMF-Laserdiode mit Pigtail vorstellen zu d\u00fcrfen. Wir sind auch bestens darauf vorbereitet, verschiedene Leistungskonfigurationen der 650-nm-SMF-Pigtail-Laserdiode zu liefern, um den vielf\u00e4ltigen Anforderungen unserer Kunden gerecht zu werden. Dar\u00fcber hinaus bieten wir ein umfassendes Portfolio an Laserprodukten mit \u00e4hnlichen Wellenl\u00e4ngen, darunter 635-nm-, 660-nm- und 670-nm-Laseroptionen.<\/p>","protected":false},"excerpt":{"rendered":"<p>Die 650 nm 50 mW SMF-Pigtail-Laserdiode mit einer 4-\u00b5m-Einmodenfaser wurde pr\u00e4zisionsgefertigt, um einen Gau\u00dfschen Strahl zu emittieren. Sie ist in einem koaxialen Geh\u00e4use untergebracht, bietet einen kompakten Formfaktor und die Option eines thermoelektrischen K\u00fchlers (TE-K\u00fchler).<br \/>\nDiese 650 nm 50 mW SMF-Laserdiode mit Pigtail zeichnet sich durch ihre \u00fcberragende Leistung und lange Lebensdauer aus. Dar\u00fcber hinaus bieten wir eine Option der B8-Serie mit einem Miniatur-K\u00fchlk\u00f6rper an, der die Installation des Lasermoduls erleichtert und das W\u00e4rmemanagement f\u00fcr unsere Kunden optimiert.<br \/>\nWavespectrum Laser ist auf ma\u00dfgeschneiderte L\u00f6sungen f\u00fcr 650-nm-SMF-Pigtail-Laserdioden spezialisiert und stellt sicher, dass die spezifischen Anforderungen jedes Kunden erf\u00fcllt werden.<\/p>","protected":false},"featured_media":1917,"comment_status":"open","ping_status":"closed","template":"","meta":{"themepark_post_bcolor":"#f5f5f5","themepark_post_width":"1022px","themepark_post_img":"","themepark_post_img_po":"left","themepark_post_img_re":false,"themepark_post_img_cover":false,"themepark_post_img_fixed":false,"themepark_post_hide_title":false,"themepark_post_main_b":"","themepark_post_main_p":100,"themepark_paddingblock":false,"_wpscp_schedule_draft_date":"","_wpscp_schedule_republish_date":"","_wpscppro_advance_schedule":false,"_wpscppro_advance_schedule_date":"","_wpscppro_dont_share_socialmedia":false,"_wpscppro_custom_social_share_image":0,"_facebook_share_type":"","_twitter_share_type":"","_linkedin_share_type":"","_pinterest_share_type":"","_linkedin_share_type_page":"","_instagram_share_type":"","_medium_share_type":"","_threads_share_type":"","_google_business_share_type":"","_selected_social_profile":[],"_wpsp_enable_custom_social_template":false,"_wpsp_social_scheduling":{"enabled":false,"datetime":null,"platforms":[],"status":"template_only","dateOption":"today","timeOption":"now","customDays":"","customHours":"","customDate":"","customTime":"","schedulingType":"absolute"},"_wpsp_active_default_template":true},"product_brand":[],"product_cat":[101,35],"product_tag":[],"class_list":{"0":"post-2373","1":"product","2":"type-product","3":"status-publish","4":"has-post-thumbnail","6":"product_cat-650nm-single-mode-fiber-coupled-laser-module","7":"product_cat-single-mode-fiber-coupled-laser-module","9":"first","10":"instock","11":"shipping-taxable","12":"product-type-simple"},"aioseo_notices":[],"_links":{"self":[{"href":"https:\/\/laserdiode-ld.com\/de\/wp-json\/wp\/v2\/product\/2373","targetHints":{"allow":["GET"]}}],"collection":[{"href":"https:\/\/laserdiode-ld.com\/de\/wp-json\/wp\/v2\/product"}],"about":[{"href":"https:\/\/laserdiode-ld.com\/de\/wp-json\/wp\/v2\/types\/product"}],"replies":[{"embeddable":true,"href":"https:\/\/laserdiode-ld.com\/de\/wp-json\/wp\/v2\/comments?post=2373"}],"wp:featuredmedia":[{"embeddable":true,"href":"https:\/\/laserdiode-ld.com\/de\/wp-json\/wp\/v2\/media\/1917"}],"wp:attachment":[{"href":"https:\/\/laserdiode-ld.com\/de\/wp-json\/wp\/v2\/media?parent=2373"}],"wp:term":[{"taxonomy":"product_brand","embeddable":true,"href":"https:\/\/laserdiode-ld.com\/de\/wp-json\/wp\/v2\/product_brand?post=2373"},{"taxonomy":"product_cat","embeddable":true,"href":"https:\/\/laserdiode-ld.com\/de\/wp-json\/wp\/v2\/product_cat?post=2373"},{"taxonomy":"product_tag","embeddable":true,"href":"https:\/\/laserdiode-ld.com\/de\/wp-json\/wp\/v2\/product_tag?post=2373"}],"curies":[{"name":"wp","href":"https:\/\/api.w.org\/{rel}","templated":true}]}}