{"id":2339,"date":"2025-11-03T15:04:49","date_gmt":"2025-11-03T07:04:49","guid":{"rendered":"http:\/\/aserdiode-ld.com\/?post_type=product&#038;p=2339"},"modified":"2026-04-13T11:11:56","modified_gmt":"2026-04-13T03:11:56","slug":"635nm-100mw-9um-fiber-coaxial-pd","status":"publish","type":"product","link":"https:\/\/laserdiode-ld.com\/de\/product\/635nm-100mw-9um-fiber-coaxial-pd","title":{"rendered":"635nm | 100mW | 9um Faser | Koaxial | PD"},"content":{"rendered":"<p>Wavespectrum Laser ist ein Hersteller von hochwertigen und leistungsstarken Diodenlaserprodukten. Wir haben uns der Entwicklung, Herstellung und dem Vertrieb von leistungsstarken Laserprodukten verschrieben. Der Wellenl\u00e4ngenbereich ist breit gef\u00e4chert, die Produktpalette vielf\u00e4ltig. Es sind Single-Mode-Fasern, Multi-Mode-Fasern und polarisationserhaltende Fasern erh\u00e4ltlich. Wir kontrollieren die Produktqualit\u00e4t streng und haben uns mit unserer herausragenden Leistung gro\u00dfes Lob von Kunden auf der ganzen Welt verdient.<br \/>\nWavespectrum Laser freut sich, das 635 nm 100 mW SMF-28 9 um Glasfaser-Pigtail-Diodenlasermodul anbieten zu k\u00f6nnen, das in verschiedenen Branchen wie Faserlaser, Medizinlaser, Laserdruck, Laserschneiden, Sensorik, Display, Kommunikation und biologische \u00dcberwachung breite Anwendung findet. Dar\u00fcber hinaus decken wir mit unserem Angebot an Lasern mit nahen Wellenl\u00e4ngen von 405 nm, 445 nm, 488 nm, 520 nm, 635 nm, 658 nm, 660 nm, 785 nm und 808 nm ein breites Spektrum an Anforderungen ab.<\/p>","protected":false},"excerpt":{"rendered":"<p>Das 635 nm 100 mW SMF-28 9 um Faserkabel-Diodenlasermodul, kompatibel mit 9 um SM-Faser, ist mit einem koaxialen Geh\u00e4use f\u00fcr kompakte Abmessungen ausgestattet. Es bietet optionale Funktionen wie eine Fotodiode und einen thermoelektrischen K\u00fchler. Das 635 nm 100 mW SMF-28 9 \u00b5m Faser-Pigtail-Diodenlasermodul zeichnet sich durch seine hohe Leistung und lange Lebensdauer aus. Zus\u00e4tzlich bieten wir die Geh\u00e4useversion der B8-Serie an, die mit einem kleinen K\u00fchlk\u00f6rper ausgestattet ist, um die Befestigung und K\u00fchlung des Moduls zu vereinfachen.<br \/>\nDas 635 nm SMF-28 9 um Faserkabel-Diodenlasermodul liefert eine h\u00f6here Ausgangsleistung als Module mit einer 4 um Singlemode-Faser. Dieses Produkt eignet sich besonders f\u00fcr Anwendungen, bei denen ein kleiner Faserkern erforderlich ist und die Anforderungen an die Strahlqualit\u00e4t nicht besonders hoch sind.<\/p>","protected":false},"featured_media":1917,"comment_status":"open","ping_status":"closed","template":"","meta":{"themepark_post_bcolor":"#f5f5f5","themepark_post_width":"1022px","themepark_post_img":"","themepark_post_img_po":"left","themepark_post_img_re":false,"themepark_post_img_cover":false,"themepark_post_img_fixed":false,"themepark_post_hide_title":false,"themepark_post_main_b":"","themepark_post_main_p":100,"themepark_paddingblock":false,"_wpscp_schedule_draft_date":"","_wpscp_schedule_republish_date":"","_wpscppro_advance_schedule":false,"_wpscppro_advance_schedule_date":"","_wpscppro_dont_share_socialmedia":false,"_wpscppro_custom_social_share_image":0,"_facebook_share_type":"","_twitter_share_type":"","_linkedin_share_type":"","_pinterest_share_type":"","_linkedin_share_type_page":"","_instagram_share_type":"","_medium_share_type":"","_threads_share_type":"","_google_business_share_type":"","_selected_social_profile":[],"_wpsp_enable_custom_social_template":false,"_wpsp_social_scheduling":{"enabled":false,"datetime":null,"platforms":[],"status":"template_only","dateOption":"today","timeOption":"now","customDays":"","customHours":"","customDate":"","customTime":"","schedulingType":"absolute"},"_wpsp_active_default_template":true},"product_brand":[],"product_cat":[99,35],"product_tag":[],"class_list":{"0":"post-2339","1":"product","2":"type-product","3":"status-publish","4":"has-post-thumbnail","6":"product_cat-635nm-single-mode-fiber-coupled-laser-module","7":"product_cat-single-mode-fiber-coupled-laser-module","9":"first","10":"instock","11":"shipping-taxable","12":"product-type-simple"},"aioseo_notices":[],"_links":{"self":[{"href":"https:\/\/laserdiode-ld.com\/de\/wp-json\/wp\/v2\/product\/2339","targetHints":{"allow":["GET"]}}],"collection":[{"href":"https:\/\/laserdiode-ld.com\/de\/wp-json\/wp\/v2\/product"}],"about":[{"href":"https:\/\/laserdiode-ld.com\/de\/wp-json\/wp\/v2\/types\/product"}],"replies":[{"embeddable":true,"href":"https:\/\/laserdiode-ld.com\/de\/wp-json\/wp\/v2\/comments?post=2339"}],"wp:featuredmedia":[{"embeddable":true,"href":"https:\/\/laserdiode-ld.com\/de\/wp-json\/wp\/v2\/media\/1917"}],"wp:attachment":[{"href":"https:\/\/laserdiode-ld.com\/de\/wp-json\/wp\/v2\/media?parent=2339"}],"wp:term":[{"taxonomy":"product_brand","embeddable":true,"href":"https:\/\/laserdiode-ld.com\/de\/wp-json\/wp\/v2\/product_brand?post=2339"},{"taxonomy":"product_cat","embeddable":true,"href":"https:\/\/laserdiode-ld.com\/de\/wp-json\/wp\/v2\/product_cat?post=2339"},{"taxonomy":"product_tag","embeddable":true,"href":"https:\/\/laserdiode-ld.com\/de\/wp-json\/wp\/v2\/product_tag?post=2339"}],"curies":[{"name":"wp","href":"https:\/\/api.w.org\/{rel}","templated":true}]}}