{"id":2308,"date":"2025-11-03T14:25:55","date_gmt":"2025-11-03T06:25:55","guid":{"rendered":"http:\/\/aserdiode-ld.com\/?post_type=product&#038;p=2308"},"modified":"2026-04-13T11:13:53","modified_gmt":"2026-04-13T03:13:53","slug":"635nm-60mw-4um-sm-fiber-coaxial-pd","status":"publish","type":"product","link":"https:\/\/laserdiode-ld.com\/de\/product\/635nm-60mw-4um-sm-fiber-coaxial-pd","title":{"rendered":"635nm | 60mW | 4um SM Faser | Koaxial | PD"},"content":{"rendered":"<p>Wavespectrum Laser ist ein Hersteller von hochwertigen und leistungsstarken Diodenlaserprodukten. Wir haben uns der Entwicklung, Herstellung und dem Vertrieb von leistungsstarken Laserprodukten verschrieben. Der Wellenl\u00e4ngenbereich ist breit gef\u00e4chert, die Produktpalette vielf\u00e4ltig. Es sind Single-Mode-Fasern, Multi-Mode-Fasern und polarisationserhaltende Fasern erh\u00e4ltlich. Wir kontrollieren die Produktqualit\u00e4t streng und haben uns mit unserer herausragenden Leistung gro\u00dfes Lob von Kunden auf der ganzen Welt verdient.<br \/>\nWavespectrum Laser freut sich, 635 nm 60 mW Single-Mode-Pigtail-Diodenlasermodule anbieten zu k\u00f6nnen. Dar\u00fcber hinaus sind wir in der Lage, verschiedene Leistungsversionen von 635 nm Single-Mode-Pigtail-Diodenlasermodulen zu liefern, um den vielf\u00e4ltigen Anforderungen unserer Kunden gerecht zu werden. Dar\u00fcber hinaus bieten wir eine umfangreiche Auswahl an Laserprodukten mit \u00e4hnlichen Wellenl\u00e4ngen, wie z. B.: 488 nm, 495 nm, 505 nm, 520 nm, 635 nm, 650 nm und 660 nm.<\/p>","protected":false},"excerpt":{"rendered":"<p>Das 635 nm 60 mW Single-Mode-Pigtail-Diodenlasermodul ist mit einer 4 um Single-Mode-Faser ausgestattet, die die Erzeugung eines Gau\u00dfschen Strahls gew\u00e4hrleistet. Es ist in einem koaxialen Geh\u00e4use untergebracht und zeichnet sich durch eine kompakte Bauform, eine integrierte Fotodiode (PD) und die Option f\u00fcr einen thermoelektrischen K\u00fchler (TE-K\u00fchler) aus. Dieses 635 nm 60 mW Single-Mode-Pigtail-Diodenlasermodul zeichnet sich durch \u00fcberlegene Leistung und eine lange Lebensdauer aus. Dar\u00fcber hinaus bieten wir eine Geh\u00e4usevariante der B8-Serie an, die mit einem kompakten K\u00fchlk\u00f6rper ausgestattet ist und unseren Kunden eine bequemere Modulbefestigung und ein besseres W\u00e4rmemanagement erm\u00f6glicht.<br \/>\nWavespectrum Laser bietet ma\u00dfgeschneiderte Anpassungsdienste f\u00fcr 635-nm-Single-Mode-Pigtail-Diodenlasermodule, die auf die speziellen Anforderungen jedes Kunden zugeschnitten sind.<\/p>","protected":false},"featured_media":1917,"comment_status":"open","ping_status":"closed","template":"","meta":{"themepark_post_bcolor":"#f5f5f5","themepark_post_width":"1022px","themepark_post_img":"","themepark_post_img_po":"left","themepark_post_img_re":false,"themepark_post_img_cover":false,"themepark_post_img_fixed":false,"themepark_post_hide_title":false,"themepark_post_main_b":"","themepark_post_main_p":100,"themepark_paddingblock":false,"_wpscp_schedule_draft_date":"","_wpscp_schedule_republish_date":"","_wpscppro_advance_schedule":false,"_wpscppro_advance_schedule_date":"","_wpscppro_dont_share_socialmedia":false,"_wpscppro_custom_social_share_image":0,"_facebook_share_type":"","_twitter_share_type":"","_linkedin_share_type":"","_pinterest_share_type":"","_linkedin_share_type_page":"","_instagram_share_type":"","_medium_share_type":"","_threads_share_type":"","_google_business_share_type":"","_selected_social_profile":[],"_wpsp_enable_custom_social_template":false,"_wpsp_social_scheduling":{"enabled":false,"datetime":null,"platforms":[],"status":"template_only","dateOption":"today","timeOption":"now","customDays":"","customHours":"","customDate":"","customTime":"","schedulingType":"absolute"},"_wpsp_active_default_template":true},"product_brand":[],"product_cat":[99,35],"product_tag":[],"class_list":{"0":"post-2308","1":"product","2":"type-product","3":"status-publish","4":"has-post-thumbnail","6":"product_cat-635nm-single-mode-fiber-coupled-laser-module","7":"product_cat-single-mode-fiber-coupled-laser-module","9":"first","10":"instock","11":"shipping-taxable","12":"product-type-simple"},"aioseo_notices":[],"_links":{"self":[{"href":"https:\/\/laserdiode-ld.com\/de\/wp-json\/wp\/v2\/product\/2308","targetHints":{"allow":["GET"]}}],"collection":[{"href":"https:\/\/laserdiode-ld.com\/de\/wp-json\/wp\/v2\/product"}],"about":[{"href":"https:\/\/laserdiode-ld.com\/de\/wp-json\/wp\/v2\/types\/product"}],"replies":[{"embeddable":true,"href":"https:\/\/laserdiode-ld.com\/de\/wp-json\/wp\/v2\/comments?post=2308"}],"wp:featuredmedia":[{"embeddable":true,"href":"https:\/\/laserdiode-ld.com\/de\/wp-json\/wp\/v2\/media\/1917"}],"wp:attachment":[{"href":"https:\/\/laserdiode-ld.com\/de\/wp-json\/wp\/v2\/media?parent=2308"}],"wp:term":[{"taxonomy":"product_brand","embeddable":true,"href":"https:\/\/laserdiode-ld.com\/de\/wp-json\/wp\/v2\/product_brand?post=2308"},{"taxonomy":"product_cat","embeddable":true,"href":"https:\/\/laserdiode-ld.com\/de\/wp-json\/wp\/v2\/product_cat?post=2308"},{"taxonomy":"product_tag","embeddable":true,"href":"https:\/\/laserdiode-ld.com\/de\/wp-json\/wp\/v2\/product_tag?post=2308"}],"curies":[{"name":"wp","href":"https:\/\/api.w.org\/{rel}","templated":true}]}}