{"id":2304,"date":"2025-11-03T14:17:39","date_gmt":"2025-11-03T06:17:39","guid":{"rendered":"http:\/\/aserdiode-ld.com\/?post_type=product&#038;p=2304"},"modified":"2026-04-13T11:13:05","modified_gmt":"2026-04-13T03:13:05","slug":"635nm-30mw-4um-sm-fiber-coaxial-pd","status":"publish","type":"product","link":"https:\/\/laserdiode-ld.com\/de\/product\/635nm-30mw-4um-sm-fiber-coaxial-pd","title":{"rendered":"635nm | 30mW | 4um SM Faser | Koaxial | PD"},"content":{"rendered":"<p>Wavespectrum Laser ist ein Hersteller von hochwertigen und leistungsstarken Diodenlaserprodukten. Wir haben uns der Entwicklung, Herstellung und dem Vertrieb von leistungsstarken Laserprodukten verschrieben. Der Wellenl\u00e4ngenbereich ist breit gef\u00e4chert, die Produktpalette vielf\u00e4ltig. Es sind Single-Mode-Fasern, Multi-Mode-Fasern und polarisationserhaltende Fasern erh\u00e4ltlich. Wir kontrollieren die Produktqualit\u00e4t streng und haben uns mit unserer herausragenden Leistung gro\u00dfes Lob von Kunden auf der ganzen Welt verdient.<br \/>\nWavespectrum Laser bietet 635-nm-30-mW-Einmoden-Glasfaser-gekoppelte Laserdiodenmodule an. Dar\u00fcber hinaus k\u00f6nnen wir unseren Kunden auch 635-nm-Einmoden-Glasfaser-gekoppelte Laserdiodenmodule mit unterschiedlichen Leistungsstufen liefern. Im Bereich der Laserprodukte mit nahen Wellenl\u00e4ngen bieten wir unseren Kunden au\u00dferdem Laserprodukte mit 635 nm, 660 nm, 785 nm, 808 nm und 830 nm an.<\/p>","protected":false},"excerpt":{"rendered":"<p>Das 635 nm 30 mW Single-Mode-Glasfaser-Lasermodul verf\u00fcgt \u00fcber eine 4-\u00b5m-SM-Glasfaser, kann einen Gau\u00dfschen Strahl erzeugen, ist mit einem koaxialen Geh\u00e4use ausgestattet, hat eine kompakte Produktgr\u00f6\u00dfe, einen integrierten PD und einen optionalen TE-K\u00fchler. Dieses 635 nm 30 mW Single-Mode-Glasfaser-gekoppelte Laserdiodenmodul zeichnet sich durch hohe Leistung und lange Lebensdauer aus. Wir k\u00f6nnen unseren Kunden auch Lasermodule in der B8-Geh\u00e4useversion anbieten. Das Lasermodul in der B8-Geh\u00e4useversion verf\u00fcgt \u00fcber einen kleinen K\u00fchlk\u00f6rper, wodurch es f\u00fcr Kunden einfacher ist, das Lasermodul zu befestigen und zu k\u00fchlen.<br \/>\nWavespectrum Laser kann auch andere Leistungsversionen von 635-nm-Einmoden-fasergekoppelten Laserdiodenmodulen gem\u00e4\u00df den Anforderungen des Kunden anpassen.<\/p>","protected":false},"featured_media":1917,"comment_status":"open","ping_status":"closed","template":"","meta":{"themepark_post_bcolor":"#f5f5f5","themepark_post_width":"1022px","themepark_post_img":"","themepark_post_img_po":"left","themepark_post_img_re":false,"themepark_post_img_cover":false,"themepark_post_img_fixed":false,"themepark_post_hide_title":false,"themepark_post_main_b":"","themepark_post_main_p":100,"themepark_paddingblock":false,"_wpscp_schedule_draft_date":"","_wpscp_schedule_republish_date":"","_wpscppro_advance_schedule":false,"_wpscppro_advance_schedule_date":"","_wpscppro_dont_share_socialmedia":false,"_wpscppro_custom_social_share_image":0,"_facebook_share_type":"","_twitter_share_type":"","_linkedin_share_type":"","_pinterest_share_type":"","_linkedin_share_type_page":"","_instagram_share_type":"","_medium_share_type":"","_threads_share_type":"","_google_business_share_type":"","_selected_social_profile":[],"_wpsp_enable_custom_social_template":false,"_wpsp_social_scheduling":{"enabled":false,"datetime":null,"platforms":[],"status":"template_only","dateOption":"today","timeOption":"now","customDays":"","customHours":"","customDate":"","customTime":"","schedulingType":"absolute"},"_wpsp_active_default_template":true},"product_brand":[],"product_cat":[99,35],"product_tag":[],"class_list":{"0":"post-2304","1":"product","2":"type-product","3":"status-publish","4":"has-post-thumbnail","6":"product_cat-635nm-single-mode-fiber-coupled-laser-module","7":"product_cat-single-mode-fiber-coupled-laser-module","9":"first","10":"instock","11":"shipping-taxable","12":"product-type-simple"},"aioseo_notices":[],"_links":{"self":[{"href":"https:\/\/laserdiode-ld.com\/de\/wp-json\/wp\/v2\/product\/2304","targetHints":{"allow":["GET"]}}],"collection":[{"href":"https:\/\/laserdiode-ld.com\/de\/wp-json\/wp\/v2\/product"}],"about":[{"href":"https:\/\/laserdiode-ld.com\/de\/wp-json\/wp\/v2\/types\/product"}],"replies":[{"embeddable":true,"href":"https:\/\/laserdiode-ld.com\/de\/wp-json\/wp\/v2\/comments?post=2304"}],"wp:featuredmedia":[{"embeddable":true,"href":"https:\/\/laserdiode-ld.com\/de\/wp-json\/wp\/v2\/media\/1917"}],"wp:attachment":[{"href":"https:\/\/laserdiode-ld.com\/de\/wp-json\/wp\/v2\/media?parent=2304"}],"wp:term":[{"taxonomy":"product_brand","embeddable":true,"href":"https:\/\/laserdiode-ld.com\/de\/wp-json\/wp\/v2\/product_brand?post=2304"},{"taxonomy":"product_cat","embeddable":true,"href":"https:\/\/laserdiode-ld.com\/de\/wp-json\/wp\/v2\/product_cat?post=2304"},{"taxonomy":"product_tag","embeddable":true,"href":"https:\/\/laserdiode-ld.com\/de\/wp-json\/wp\/v2\/product_tag?post=2304"}],"curies":[{"name":"wp","href":"https:\/\/api.w.org\/{rel}","templated":true}]}}