{"id":2274,"date":"2025-11-03T11:41:38","date_gmt":"2025-11-03T03:41:38","guid":{"rendered":"http:\/\/aserdiode-ld.com\/?post_type=product&#038;p=2274"},"modified":"2025-11-17T14:07:55","modified_gmt":"2025-11-17T06:07:55","slug":"520-nm-30-mw-9-%c2%b5m-sm-faser-gekoppeltes-laserdiodenmodul","status":"publish","type":"product","link":"https:\/\/laserdiode-ld.com\/de\/product\/520-nm-30-mw-9-%c2%b5m-sm-faser-gekoppeltes-laserdiodenmodul","title":{"rendered":"520 nm, 30 mW, 9 \u00b5m"},"content":{"rendered":"<p>Wavespectrum Laser ist ein Hersteller von hochwertigen und leistungsstarken Diodenlaserprodukten. Wir haben uns der Entwicklung, Herstellung und dem Vertrieb von leistungsstarken Laserprodukten verschrieben. Der Wellenl\u00e4ngenbereich ist breit gef\u00e4chert, die Produktpalette vielf\u00e4ltig. Es sind Single-Mode-Fasern, Multi-Mode-Fasern und polarisationserhaltende Fasern erh\u00e4ltlich. Wir kontrollieren die Produktqualit\u00e4t streng und haben uns mit unserer herausragenden Leistung gro\u00dfes Lob von Kunden auf der ganzen Welt verdient.<br \/>\nWavespectrum Laser bietet das 520 nm 30 mW 9 um SM-fasergekoppelte Laserdiodenmodul an. Dieses 520 nm-Lasermodul wird in vielen Bereichen eingesetzt, darunter: Faserlaser, medizinische Laser, Laserdruck, Laserschneiden, Sensorik, Display, Kommunikation und biologische \u00dcberwachung. 635, 520 nm, 635 nm Laserprodukte f\u00fcr Kunden.<\/p>","protected":false},"excerpt":{"rendered":"<p>Das 520 nm 30 mW 9 um SM-fasergekoppelte Laserdiodenmodul ist mit einer SMF-28-Faser ausgestattet, verf\u00fcgt \u00fcber ein koaxiales Geh\u00e4usedesign, ist kompakt und der TE-K\u00fchler ist optional erh\u00e4ltlich. Dieses 520 nm 30 mW 9 um SM-fasergekoppelte Laserdiodenmodul zeichnet sich durch hohe Leistung und lange Lebensdauer aus. Wir k\u00f6nnen unseren Kunden auch Lasermodule in der B8-Geh\u00e4useversion anbieten. Das Lasermodul in der B8-Geh\u00e4useversion verf\u00fcgt \u00fcber einen kleinen K\u00fchlk\u00f6rper, wodurch es f\u00fcr Kunden einfacher ist, das Lasermodul zu befestigen und zu k\u00fchlen.<br \/>\nDas 520 nm 9 \u00b5m SM-Glasfaser-gekoppelte Laserdiodenmodul kann eine h\u00f6here Ausgangsleistung erzielen als das Lasermodul mit 3 \u00b5m Singlemode-Glasfaser. Dieses Laserprodukt eignet sich f\u00fcr Kunden, die eine h\u00f6here Leistung ben\u00f6tigen und keine strengen Anforderungen an die Strahlqualit\u00e4t stellen.<\/p>","protected":false},"featured_media":1917,"comment_status":"open","ping_status":"closed","template":"","meta":{"themepark_post_bcolor":"#f5f5f5","themepark_post_width":"1022px","themepark_post_img":"","themepark_post_img_po":"left","themepark_post_img_re":false,"themepark_post_img_cover":false,"themepark_post_img_fixed":false,"themepark_post_hide_title":false,"themepark_post_main_b":"","themepark_post_main_p":100,"themepark_paddingblock":false,"_wpscp_schedule_draft_date":"","_wpscp_schedule_republish_date":"","_wpscppro_advance_schedule":false,"_wpscppro_advance_schedule_date":"","_wpscppro_dont_share_socialmedia":false,"_wpscppro_custom_social_share_image":0,"_facebook_share_type":"","_twitter_share_type":"","_linkedin_share_type":"","_pinterest_share_type":"","_linkedin_share_type_page":"","_instagram_share_type":"","_medium_share_type":"","_threads_share_type":"","_google_business_share_type":"","_selected_social_profile":[],"_wpsp_enable_custom_social_template":false,"_wpsp_social_scheduling":{"enabled":false,"datetime":null,"platforms":[],"status":"template_only","dateOption":"today","timeOption":"now","customDays":"","customHours":"","customDate":"","customTime":"","schedulingType":"absolute"},"_wpsp_active_default_template":true},"product_brand":[],"product_cat":[97,35],"product_tag":[],"class_list":{"0":"post-2274","1":"product","2":"type-product","3":"status-publish","4":"has-post-thumbnail","6":"product_cat-520nm-single-mode-fiber-coupled-laser-module","7":"product_cat-single-mode-fiber-coupled-laser-module","9":"first","10":"instock","11":"shipping-taxable","12":"product-type-simple"},"aioseo_notices":[],"_links":{"self":[{"href":"https:\/\/laserdiode-ld.com\/de\/wp-json\/wp\/v2\/product\/2274","targetHints":{"allow":["GET"]}}],"collection":[{"href":"https:\/\/laserdiode-ld.com\/de\/wp-json\/wp\/v2\/product"}],"about":[{"href":"https:\/\/laserdiode-ld.com\/de\/wp-json\/wp\/v2\/types\/product"}],"replies":[{"embeddable":true,"href":"https:\/\/laserdiode-ld.com\/de\/wp-json\/wp\/v2\/comments?post=2274"}],"wp:featuredmedia":[{"embeddable":true,"href":"https:\/\/laserdiode-ld.com\/de\/wp-json\/wp\/v2\/media\/1917"}],"wp:attachment":[{"href":"https:\/\/laserdiode-ld.com\/de\/wp-json\/wp\/v2\/media?parent=2274"}],"wp:term":[{"taxonomy":"product_brand","embeddable":true,"href":"https:\/\/laserdiode-ld.com\/de\/wp-json\/wp\/v2\/product_brand?post=2274"},{"taxonomy":"product_cat","embeddable":true,"href":"https:\/\/laserdiode-ld.com\/de\/wp-json\/wp\/v2\/product_cat?post=2274"},{"taxonomy":"product_tag","embeddable":true,"href":"https:\/\/laserdiode-ld.com\/de\/wp-json\/wp\/v2\/product_tag?post=2274"}],"curies":[{"name":"wp","href":"https:\/\/api.w.org\/{rel}","templated":true}]}}