{"id":1960,"date":"2025-10-29T14:52:58","date_gmt":"2025-10-29T06:52:58","guid":{"rendered":"http:\/\/aserdiode-ld.com\/?post_type=product&#038;p=1960"},"modified":"2025-11-17T13:57:44","modified_gmt":"2025-11-17T05:57:44","slug":"445-nm-30-mw-pmf-pigtail-diodenlasermodul","status":"publish","type":"product","link":"https:\/\/laserdiode-ld.com\/de\/product\/445-nm-30-mw-pmf-pigtail-diodenlasermodul","title":{"rendered":"445 nm, 30 mW, PMF, mit Pigtail"},"content":{"rendered":"<p>Wavespectrum Laser ist ein Hersteller von hochwertigen und leistungsstarken Diodenlaserprodukten. Wir haben uns der Entwicklung, Herstellung und dem Vertrieb von leistungsstarken Laserprodukten verschrieben. Der Wellenl\u00e4ngenbereich ist breit gef\u00e4chert, die Produktpalette vielf\u00e4ltig. Es sind Single-Mode-Fasern, Multi-Mode-Fasern und polarisationserhaltende Fasern erh\u00e4ltlich. Wir kontrollieren die Produktqualit\u00e4t streng und haben uns mit unserer herausragenden Leistung gro\u00dfes Lob von Kunden auf der ganzen Welt verdient.<br \/>\nWavespectrum Laser ist auf die Bereitstellung von 445 nm 30 mW PMF-Pigtail-Diodenlasermodulen spezialisiert. Wir erf\u00fcllen vielf\u00e4ltige Anforderungen, indem wir verschiedene Leistungsversionen der 445 nm PMF-Pigtail-Diodenlasermodule anbieten. Dar\u00fcber hinaus bieten wir Lasermodule mit h\u00f6heren PER-Werten f\u00fcr Kunden, die eine verbesserte Leistung ben\u00f6tigen. Unsere Produktpalette umfasst eine Reihe von PM-Lasermodulen mit \u00e4hnlichen Wellenl\u00e4ngen, darunter: 400 nm, 445 nm, 480 nm, 488 nm, 495 nm, 505 nm, 520 nm und 635 nm Laserprodukte, die unseren Kunden eine vielf\u00e4ltige Auswahl bieten.<\/p>","protected":false},"excerpt":{"rendered":"<p>Das 445 nm 30 mW PMF-Pigtail-Diodenlasermodul ist mit einer 3 \u00b5m-Polarisationserhaltungsfaser ausgestattet und weist einen PER-Wert von mehr als 13 dB auf. Eine verbesserte Version mit einem noch h\u00f6heren PER-Wert ist auf Anfrage erh\u00e4ltlich. Dieses PM-Lasermodul kann einen Gau\u00dfschen Strahl emittieren und ist mit einem koaxialen Geh\u00e4use ausgestattet, was zu seiner kompakten Gr\u00f6\u00dfe beitr\u00e4gt. Der TE-K\u00fchler ist optional erh\u00e4ltlich. Dieses 445 nm 30 mW PMF-Pigtail-Diodenlasermodul zeichnet sich durch \u00fcberlegene Leistung und Langlebigkeit aus. Dar\u00fcber hinaus k\u00f6nnen wir unseren Kunden auch Lasermodule in der B8-Serie anbieten. Die Lasermodule der B8-Serie sind mit einem kleinen K\u00fchlk\u00f6rper ausgestattet, der die Befestigung und K\u00fchlung des Lasermoduls vereinfacht und den Komfort f\u00fcr den Kunden erh\u00f6ht.<br \/>\nWavespectrum Laser bietet eine Vielzahl von Leistungsoptionen f\u00fcr die 445 nm PMF-Pigtail-Diodenlasermodule, die auf die spezifischen Anforderungen der Kunden zugeschnitten sind.<\/p>","protected":false},"featured_media":1917,"comment_status":"open","ping_status":"closed","template":"","meta":{"themepark_post_bcolor":"#f5f5f5","themepark_post_width":"1022px","themepark_post_img":"","themepark_post_img_po":"left","themepark_post_img_re":false,"themepark_post_img_cover":false,"themepark_post_img_fixed":false,"themepark_post_hide_title":false,"themepark_post_main_b":"","themepark_post_main_p":100,"themepark_paddingblock":false,"_wpscp_schedule_draft_date":"","_wpscp_schedule_republish_date":"","_wpscppro_advance_schedule":false,"_wpscppro_advance_schedule_date":"","_wpscppro_dont_share_socialmedia":false,"_wpscppro_custom_social_share_image":0,"_facebook_share_type":"","_twitter_share_type":"","_linkedin_share_type":"","_pinterest_share_type":"","_linkedin_share_type_page":"","_instagram_share_type":"","_medium_share_type":"","_threads_share_type":"","_google_business_share_type":"","_selected_social_profile":[],"_wpsp_enable_custom_social_template":false,"_wpsp_social_scheduling":{"enabled":false,"datetime":null,"platforms":[],"status":"template_only","dateOption":"today","timeOption":"now","customDays":"","customHours":"","customDate":"","customTime":"","schedulingType":"absolute"},"_wpsp_active_default_template":true},"product_brand":[],"product_cat":[89,35],"product_tag":[],"class_list":{"0":"post-1960","1":"product","2":"type-product","3":"status-publish","4":"has-post-thumbnail","6":"product_cat-445nm-single-mode-fiber-coupled-laser-module","7":"product_cat-single-mode-fiber-coupled-laser-module","9":"first","10":"instock","11":"shipping-taxable","12":"product-type-simple"},"aioseo_notices":[],"_links":{"self":[{"href":"https:\/\/laserdiode-ld.com\/de\/wp-json\/wp\/v2\/product\/1960","targetHints":{"allow":["GET"]}}],"collection":[{"href":"https:\/\/laserdiode-ld.com\/de\/wp-json\/wp\/v2\/product"}],"about":[{"href":"https:\/\/laserdiode-ld.com\/de\/wp-json\/wp\/v2\/types\/product"}],"replies":[{"embeddable":true,"href":"https:\/\/laserdiode-ld.com\/de\/wp-json\/wp\/v2\/comments?post=1960"}],"wp:featuredmedia":[{"embeddable":true,"href":"https:\/\/laserdiode-ld.com\/de\/wp-json\/wp\/v2\/media\/1917"}],"wp:attachment":[{"href":"https:\/\/laserdiode-ld.com\/de\/wp-json\/wp\/v2\/media?parent=1960"}],"wp:term":[{"taxonomy":"product_brand","embeddable":true,"href":"https:\/\/laserdiode-ld.com\/de\/wp-json\/wp\/v2\/product_brand?post=1960"},{"taxonomy":"product_cat","embeddable":true,"href":"https:\/\/laserdiode-ld.com\/de\/wp-json\/wp\/v2\/product_cat?post=1960"},{"taxonomy":"product_tag","embeddable":true,"href":"https:\/\/laserdiode-ld.com\/de\/wp-json\/wp\/v2\/product_tag?post=1960"}],"curies":[{"name":"wp","href":"https:\/\/api.w.org\/{rel}","templated":true}]}}