{"id":1877,"date":"2025-10-28T14:09:17","date_gmt":"2025-10-28T06:09:17","guid":{"rendered":"http:\/\/aserdiode-ld.com\/?post_type=product&#038;p=1877"},"modified":"2025-10-28T14:09:17","modified_gmt":"2025-10-28T06:09:17","slug":"1550-nm-25-w-e-mount-laserdiode","status":"publish","type":"product","link":"https:\/\/laserdiode-ld.com\/de\/product\/1550-nm-25-w-e-mount-laserdiode","title":{"rendered":"1550 nm 2,5 W E-Mount-Laserdiode"},"content":{"rendered":"<p>Wavespectrum Laser ist ein Hersteller von hochwertigen und leistungsstarken Diodenlaserprodukten. Wir haben uns der Entwicklung, Herstellung und dem Vertrieb von leistungsstarken Laserprodukten verschrieben. Der Wellenl\u00e4ngenbereich ist breit gef\u00e4chert, die Produktpalette vielf\u00e4ltig. Es sind Single-Mode-Fasern, Multi-Mode-Fasern und polarisationserhaltende Fasern erh\u00e4ltlich. Wir kontrollieren die Produktqualit\u00e4t streng und haben uns mit unserer herausragenden Leistung gro\u00dfes Lob von Kunden auf der ganzen Welt verdient.<br \/>\nWavespectrum Laser bietet eine Vielzahl von Laserdioden an, darunter 1550 nm 2,5 W E-Mount-Laserdioden. Dar\u00fcber hinaus bieten wir verschiedene Leistungsversionen von 1550-nm-Multimode-Laserdioden an. F\u00fcr Multimode-Laserdioden mit \u00e4hnlicher Wellenl\u00e4nge k\u00f6nnen wir unseren Kunden Laserdioden mit 940 nm, 980 nm, 1064 nm, 1310 nm, 1450 nm, 1470 nm, 1570 nm und 1920 nm anbieten.<\/p>","protected":false},"excerpt":{"rendered":"<p>Die 1550 nm 2,5 W E-Mount-Laserdiode ist eine Multimode-Halbleiterlaserdiode, die mit einer FAC-Linse ausgestattet werden kann und die Wahl zwischen einem quadratischen oder linearen Strahl bietet. Diese 1550 nm 2,5 W E-Mount-Laserdiode ist ein Infrarot-Laserprodukt mit hoher Leistung und langer Lebensdauer. Wavespectrum Laser kann Kunden auch andere Leistungsversionen der 1550-nm-Multimode-Laserdioden anbieten.<\/p>","protected":false},"featured_media":1876,"comment_status":"open","ping_status":"closed","template":"","meta":{"themepark_post_bcolor":"#f5f5f5","themepark_post_width":"1022px","themepark_post_img":"","themepark_post_img_po":"left","themepark_post_img_re":false,"themepark_post_img_cover":false,"themepark_post_img_fixed":false,"themepark_post_hide_title":false,"themepark_post_main_b":"","themepark_post_main_p":100,"themepark_paddingblock":false,"_wpscp_schedule_draft_date":"","_wpscp_schedule_republish_date":"","_wpscppro_advance_schedule":false,"_wpscppro_advance_schedule_date":"","_wpscppro_dont_share_socialmedia":false,"_wpscppro_custom_social_share_image":0,"_facebook_share_type":"","_twitter_share_type":"","_linkedin_share_type":"","_pinterest_share_type":"","_linkedin_share_type_page":"","_instagram_share_type":"","_medium_share_type":"","_threads_share_type":"","_google_business_share_type":"","_selected_social_profile":[],"_wpsp_enable_custom_social_template":false,"_wpsp_social_scheduling":{"enabled":false,"datetime":null,"platforms":[],"status":"template_only","dateOption":"today","timeOption":"now","customDays":"","customHours":"","customDate":"","customTime":"","schedulingType":"absolute"},"_wpsp_active_default_template":true},"product_brand":[],"product_cat":[36,85],"product_tag":[],"class_list":{"0":"post-1877","1":"product","2":"type-product","3":"status-publish","4":"has-post-thumbnail","6":"product_cat-multi-mode-laser-diode","7":"product_cat-1550nm-multi-mode-laser-diode","9":"first","10":"instock","11":"shipping-taxable","12":"product-type-simple"},"aioseo_notices":[],"_links":{"self":[{"href":"https:\/\/laserdiode-ld.com\/de\/wp-json\/wp\/v2\/product\/1877","targetHints":{"allow":["GET"]}}],"collection":[{"href":"https:\/\/laserdiode-ld.com\/de\/wp-json\/wp\/v2\/product"}],"about":[{"href":"https:\/\/laserdiode-ld.com\/de\/wp-json\/wp\/v2\/types\/product"}],"replies":[{"embeddable":true,"href":"https:\/\/laserdiode-ld.com\/de\/wp-json\/wp\/v2\/comments?post=1877"}],"wp:featuredmedia":[{"embeddable":true,"href":"https:\/\/laserdiode-ld.com\/de\/wp-json\/wp\/v2\/media\/1876"}],"wp:attachment":[{"href":"https:\/\/laserdiode-ld.com\/de\/wp-json\/wp\/v2\/media?parent=1877"}],"wp:term":[{"taxonomy":"product_brand","embeddable":true,"href":"https:\/\/laserdiode-ld.com\/de\/wp-json\/wp\/v2\/product_brand?post=1877"},{"taxonomy":"product_cat","embeddable":true,"href":"https:\/\/laserdiode-ld.com\/de\/wp-json\/wp\/v2\/product_cat?post=1877"},{"taxonomy":"product_tag","embeddable":true,"href":"https:\/\/laserdiode-ld.com\/de\/wp-json\/wp\/v2\/product_tag?post=1877"}],"curies":[{"name":"wp","href":"https:\/\/api.w.org\/{rel}","templated":true}]}}