{"id":1874,"date":"2025-10-28T14:07:32","date_gmt":"2025-10-28T06:07:32","guid":{"rendered":"http:\/\/aserdiode-ld.com\/?post_type=product&#038;p=1874"},"modified":"2025-10-28T14:07:33","modified_gmt":"2025-10-28T06:07:33","slug":"445-nm-5-w-bis-5-w-mit-facettenlinse-laserdiode","status":"publish","type":"product","link":"https:\/\/laserdiode-ld.com\/de\/product\/445-nm-5-w-bis-5-w-mit-facettenlinse-laserdiode","title":{"rendered":"445 nm, 5 W, TO5 mit FAC-Linse, Laserdiode"},"content":{"rendered":"<p>Wavespectrum Laser ist ein Hersteller von hochwertigen und leistungsstarken Diodenlaserprodukten. Wir haben uns der Entwicklung, Herstellung und dem Vertrieb von leistungsstarken Laserprodukten verschrieben. Der Wellenl\u00e4ngenbereich ist breit gef\u00e4chert, die Produktpalette vielf\u00e4ltig. Es sind Single-Mode-Fasern, Multi-Mode-Fasern und polarisationserhaltende Fasern erh\u00e4ltlich. Wir kontrollieren die Produktqualit\u00e4t streng und haben uns mit unserer herausragenden Leistung gro\u00dfes Lob von Kunden auf der ganzen Welt verdient.<\/p>\n<p>Wavespectrum Laser bietet eine vielf\u00e4ltige Auswahl an Laserdioden, darunter 445 nm 5 W mit FAC-Linsen-Laserdioden. Dar\u00fcber hinaus bieten wir verschiedene Leistungskonfigurationen von 445 nm TO5-Multimode-Laserdioden an. F\u00fcr Kunden, die Multimode-Laserdioden mit \u00e4hnlichen Wellenl\u00e4ngen suchen, f\u00fchren wir Laserdioden mit 405 nm, 425 nm, 455 nm, 465 nm, 520 nm, 532 nm, 635 nm und 660 nm.<\/p>","protected":false},"excerpt":{"rendered":"<p>Die 445 nm 5 W TO5 mit FAC-Linse Laserdiode ist eine Multimode-Halbleiterlaserdiode, die mit einer FAC-Linse ausgestattet werden kann und somit die Flexibilit\u00e4t eines quadratischen oder linearen Strahls bietet. Diese 445 nm 5 W TO5 Laserdiode ist Teil unserer Produktpalette an blauen Lasern und zeichnet sich durch hohe Leistung und lange Lebensdauer aus. Wavespectrum Laser ist auch in der Lage, Kunden verschiedene Leistungsversionen der 445-nm-Multimode-Laserdioden anzubieten.<\/p>","protected":false},"featured_media":1876,"comment_status":"open","ping_status":"closed","template":"","meta":{"themepark_post_bcolor":"#f5f5f5","themepark_post_width":"1022px","themepark_post_img":"","themepark_post_img_po":"left","themepark_post_img_re":false,"themepark_post_img_cover":false,"themepark_post_img_fixed":false,"themepark_post_hide_title":false,"themepark_post_main_b":"","themepark_post_main_p":100,"themepark_paddingblock":false,"_wpscp_schedule_draft_date":"","_wpscp_schedule_republish_date":"","_wpscppro_advance_schedule":false,"_wpscppro_advance_schedule_date":"","_wpscppro_dont_share_socialmedia":false,"_wpscppro_custom_social_share_image":0,"_facebook_share_type":"","_twitter_share_type":"","_linkedin_share_type":"","_pinterest_share_type":"","_linkedin_share_type_page":"","_instagram_share_type":"","_medium_share_type":"","_threads_share_type":"","_google_business_share_type":"","_selected_social_profile":[],"_wpsp_enable_custom_social_template":false,"_wpsp_social_scheduling":{"enabled":false,"datetime":null,"platforms":[],"status":"template_only","dateOption":"today","timeOption":"now","customDays":"","customHours":"","customDate":"","customTime":"","schedulingType":"absolute"},"_wpsp_active_default_template":true},"product_brand":[],"product_cat":[36,84],"product_tag":[],"class_list":{"0":"post-1874","1":"product","2":"type-product","3":"status-publish","4":"has-post-thumbnail","6":"product_cat-multi-mode-laser-diode","7":"product_cat-445nm-multi-mode-laser-diode","9":"first","10":"instock","11":"shipping-taxable","12":"product-type-simple"},"aioseo_notices":[],"_links":{"self":[{"href":"https:\/\/laserdiode-ld.com\/de\/wp-json\/wp\/v2\/product\/1874","targetHints":{"allow":["GET"]}}],"collection":[{"href":"https:\/\/laserdiode-ld.com\/de\/wp-json\/wp\/v2\/product"}],"about":[{"href":"https:\/\/laserdiode-ld.com\/de\/wp-json\/wp\/v2\/types\/product"}],"replies":[{"embeddable":true,"href":"https:\/\/laserdiode-ld.com\/de\/wp-json\/wp\/v2\/comments?post=1874"}],"wp:featuredmedia":[{"embeddable":true,"href":"https:\/\/laserdiode-ld.com\/de\/wp-json\/wp\/v2\/media\/1876"}],"wp:attachment":[{"href":"https:\/\/laserdiode-ld.com\/de\/wp-json\/wp\/v2\/media?parent=1874"}],"wp:term":[{"taxonomy":"product_brand","embeddable":true,"href":"https:\/\/laserdiode-ld.com\/de\/wp-json\/wp\/v2\/product_brand?post=1874"},{"taxonomy":"product_cat","embeddable":true,"href":"https:\/\/laserdiode-ld.com\/de\/wp-json\/wp\/v2\/product_cat?post=1874"},{"taxonomy":"product_tag","embeddable":true,"href":"https:\/\/laserdiode-ld.com\/de\/wp-json\/wp\/v2\/product_tag?post=1874"}],"curies":[{"name":"wp","href":"https:\/\/api.w.org\/{rel}","templated":true}]}}