{"id":1872,"date":"2025-10-28T10:22:16","date_gmt":"2025-10-28T02:22:16","guid":{"rendered":"http:\/\/aserdiode-ld.com\/?post_type=product&#038;p=1872"},"modified":"2025-10-28T10:22:17","modified_gmt":"2025-10-28T02:22:17","slug":"1550-nm-20-mw-dfb-laserdiode-mit-flachem-fenster","status":"publish","type":"product","link":"https:\/\/laserdiode-ld.com\/de\/product\/1550-nm-20-mw-dfb-laserdiode-mit-flachem-fenster","title":{"rendered":"1550 nm, 20 mW, DFB-Laserdiode mit flachem Fenster"},"content":{"rendered":"<p>Wavespectrum Laser ist ein Hersteller von hochwertigen und leistungsstarken Diodenlaserprodukten. Wir haben uns der Entwicklung, Herstellung und dem Vertrieb von leistungsstarken Laserprodukten verschrieben. Der Wellenl\u00e4ngenbereich ist breit gef\u00e4chert, die Produktpalette vielf\u00e4ltig. Es sind Single-Mode-Fasern, Multi-Mode-Fasern und polarisationserhaltende Fasern erh\u00e4ltlich. Wir kontrollieren die Produktqualit\u00e4t streng und haben uns mit unserer herausragenden Leistung gro\u00dfes Lob von Kunden auf der ganzen Welt verdient.<br \/>\nWavespectrum Laser bietet 1550-nm-20-mW-DFB-Laserdioden mit flachem Fenster an und kann Kunden auch DFB-Laserdioden mit flachem Fenster und 1550 nm in verschiedenen Leistungsvarianten liefern. F\u00fcr Laserdioden mit nahen Wellenl\u00e4ngen k\u00f6nnen wir unseren Kunden Laserdioden mit 1490 nm, 1510 nm, 1530 nm, 1570 nm, 1590 nm und 1610 nm anbieten.<\/p>","protected":false},"excerpt":{"rendered":"<p>Die 1550 nm 20 mW DFB-Laserdiode mit flachem Fenster ist eine Laserdiode im TO18-Geh\u00e4use mit einem Strahl nahe TEM00 und integriertem PD. Diese 1550 nm 20 mW DFB-Laserdiode mit flachem Fenster ist ein Infrarot-Laserprodukt mit hoher Leistung und langer Lebensdauer. Wavespectrum Laser kann seinen Kunden auch 1550 nm Laserdioden mit flachem Fenster in verschiedenen Leistungsvarianten anbieten.<\/p>","protected":false},"featured_media":1793,"comment_status":"open","ping_status":"closed","template":"","meta":{"themepark_post_bcolor":"#f5f5f5","themepark_post_width":"1022px","themepark_post_img":"","themepark_post_img_po":"left","themepark_post_img_re":false,"themepark_post_img_cover":false,"themepark_post_img_fixed":false,"themepark_post_hide_title":false,"themepark_post_main_b":"","themepark_post_main_p":100,"themepark_paddingblock":false,"_wpscp_schedule_draft_date":"","_wpscp_schedule_republish_date":"","_wpscppro_advance_schedule":false,"_wpscppro_advance_schedule_date":"","_wpscppro_dont_share_socialmedia":false,"_wpscppro_custom_social_share_image":0,"_facebook_share_type":"","_twitter_share_type":"","_linkedin_share_type":"","_pinterest_share_type":"","_linkedin_share_type_page":"","_instagram_share_type":"","_medium_share_type":"","_threads_share_type":"","_google_business_share_type":"","_selected_social_profile":[],"_wpsp_enable_custom_social_template":false,"_wpsp_social_scheduling":{"enabled":false,"datetime":null,"platforms":[],"status":"template_only","dateOption":"today","timeOption":"now","customDays":"","customHours":"","customDate":"","customTime":"","schedulingType":"absolute"},"_wpsp_active_default_template":true},"product_brand":[],"product_cat":[29,79],"product_tag":[],"class_list":{"0":"post-1872","1":"product","2":"type-product","3":"status-publish","4":"has-post-thumbnail","6":"product_cat-single-mode-laser-diode","7":"product_cat-1550nm-single-mode-laser-diode","9":"first","10":"instock","11":"shipping-taxable","12":"product-type-simple"},"aioseo_notices":[],"_links":{"self":[{"href":"https:\/\/laserdiode-ld.com\/de\/wp-json\/wp\/v2\/product\/1872","targetHints":{"allow":["GET"]}}],"collection":[{"href":"https:\/\/laserdiode-ld.com\/de\/wp-json\/wp\/v2\/product"}],"about":[{"href":"https:\/\/laserdiode-ld.com\/de\/wp-json\/wp\/v2\/types\/product"}],"replies":[{"embeddable":true,"href":"https:\/\/laserdiode-ld.com\/de\/wp-json\/wp\/v2\/comments?post=1872"}],"wp:featuredmedia":[{"embeddable":true,"href":"https:\/\/laserdiode-ld.com\/de\/wp-json\/wp\/v2\/media\/1793"}],"wp:attachment":[{"href":"https:\/\/laserdiode-ld.com\/de\/wp-json\/wp\/v2\/media?parent=1872"}],"wp:term":[{"taxonomy":"product_brand","embeddable":true,"href":"https:\/\/laserdiode-ld.com\/de\/wp-json\/wp\/v2\/product_brand?post=1872"},{"taxonomy":"product_cat","embeddable":true,"href":"https:\/\/laserdiode-ld.com\/de\/wp-json\/wp\/v2\/product_cat?post=1872"},{"taxonomy":"product_tag","embeddable":true,"href":"https:\/\/laserdiode-ld.com\/de\/wp-json\/wp\/v2\/product_tag?post=1872"}],"curies":[{"name":"wp","href":"https:\/\/api.w.org\/{rel}","templated":true}]}}