{"id":73,"date":"2025-08-26T14:53:20","date_gmt":"2025-08-26T06:53:20","guid":{"rendered":"http:\/\/themetest6.local\/?page_id=73"},"modified":"2025-12-03T10:23:45","modified_gmt":"2025-12-03T02:23:45","slug":"kontakt","status":"publish","type":"page","link":"https:\/\/laserdiode-ld.com\/de\/kontakt","title":{"rendered":"Kontakt"},"content":{"rendered":"<section class=\"wp-block-themepark-block-themepark-area block_layout thempark-block undefined bom50 top50\" id=\"\" style=\"padding-top:200px;height:500px;box-sizing: border-box;width: 100%;\" data-swiper-parallax=\"-700\"><div class=\"block_layout_in\" style=\"\"><div class=\"post_in_list_head modle_title3\"><h3><span style=\"color:#ffffff;\" class=\"main-title has-huge-font-size\">KONTAKT<\/span><\/h3><div class=\"title_boout\"><div class=\"title_bo\" style=\"border-bottom:2px solid #ccc;\"><\/div><\/div><\/div>\n<div class=\"wp-block-column block_layout_in is-layout-flow wp-block-column-is-layout-flow\"><\/div>\n<\/div><div class=\"layout_badh\"><div class=\"shizhezhao\" style=\"opacity:0.49;background-color:;\"><\/div><div class=\"PcOnly themepark-block_layout_ba lazyload swiper-lazy  jttj\" style=\"background-repeat:no-repeat;background-size:cover;background-position:center;\" data-background=\"https:\/\/laserdiode-ld.com\/wp-content\/uploads\/2025\/11\/contact-us-banner.jpg\"><\/div><div class=\"MovePnly themepark-block_layout_ba lazyload swiper-move-lazy jttj\" style=\"background-repeat:no-repeat;background-size:cover;background-position:center;\" data-background=\"https:\/\/laserdiode-ld.com\/wp-content\/uploads\/2025\/11\/contact-us-banner.jpg\"><\/div><\/div><\/section>\n\n\n\n<section class=\"wp-block-themepark-block-themepark-area block_layout thempark-block undefined bom20 top20\" id=\"padingmax\" style=\"background-color:#ecf0f0;padding-bottom:17px;padding-top:42px;\" data-swiper-parallax=\"-700\"><div class=\"block_layout_in clomnsmal\" style=\"max-width:1900px;\">\n<div class=\"wp-block-column block_layout_in is-layout-flow wp-block-column-is-layout-flow\">\n<div class=\"wp-block-columns is-layout-flex wp-container-core-columns-is-layout-9d6595d7 wp-block-columns-is-layout-flex\">\n<div class=\"wp-block-column is-layout-flow wp-block-column-is-layout-flow\">\n<div class=\"wp-block-themepark-block-themepark-wright content-super-p  heightb\" style=\"font-size:12px;line-height:20px;background-color:#ffffff;padding:40px 40px;border-radius:15px;\">\n<div class=\"wp-block-column is-layout-flow wp-block-column-is-layout-flow\">\n<div class=\"wp-block-themepark-block-themepark-wright content-super-p\" style=\"font-size:12px;line-height:54px;padding:10px 0px;\">\n<div class=\"wp-block-column is-layout-flow wp-block-column-is-layout-flow\">\n<h3 class=\"wp-block-heading\" style=\"font-size:33px\">Kontakt aufnehmen<\/h3>\n\n\n\n<div class=\"wp-block-themepark-block-themepark-xian theme_fang_out\" style=\"text-align:left;padding-top:1px;padding-bottom:10px;\"><div class=\"fangbox\" style=\"width:192px;height:2px;background:linear-gradient(90deg, #ff3a3a, #000000);\"><\/div><\/div>\n<\/div>\n<\/div>\n\n\n\n<div class=\"wp-block-themepark-block-themepark-comment thempark-block themepark-comment fromnopading undefined\" style=\"\"><div class=\"themepark-comment_in\" id=\"ud_form\"><div class=\"themepark-comment_inb2\"><div class=\"themepark-comment_inb\" style=\"\"><div class=\"themepark-comment_form nolable\" style=\"\"><form id=\"commentform-park\" class=\"themepark-c-f twomo\" action=\"https:\/\/laserdiode-ld.com\/wp-comments-post.php\" method=\"post\" autocomplete=\"off\" data-trp-original-action=\"https:\/\/laserdiode-ld.com\/wp-comments-post.php\"><div class=\"themepark-comment_form_box tptext\" style=\"font-size:14px;\"><lable for=\"tpcommet0\" class=\"required\"><input type=\"text\" id=\"tpcommet0\" name=\"tpcommet0\" size=\"28\" required style=\"color:#616161;border: solid 1px #0000003d;\" placeholder=\"Name\"\/><span class=\"required\">*<div class=\"required_tishi animated\"><i class=\"fas fa-exclamation-circle\"><\/i><span><\/span><\/div><\/span><\/lable><\/div><div class=\"themepark-comment_form_box tptext\" style=\"font-size:14px;\"><lable for=\"tpcommet1\" class=\"required\"><input type=\"text\" id=\"tpcommet1\" name=\"tpcommet1\" size=\"28\" required style=\"color:#616161;border: solid 1px #0000003d;\" placeholder=\"E-Mail\"\/><span class=\"required\">*<div class=\"required_tishi animated\"><i class=\"fas fa-exclamation-circle\"><\/i><span><\/span><\/div><\/span><\/lable><\/div><div class=\"themepark-comment_form_box tptext\" style=\"font-size:14px;\"><lable for=\"tpcommet2\" class=\"required\"><input type=\"text\" id=\"tpcommet2\" name=\"tpcommet2\" size=\"28\" required style=\"color:#616161;border: solid 1px #0000003d;\" placeholder=\"Name des Unternehmens\/der Abteilung\"\/><span class=\"required\">*<div class=\"required_tishi animated\"><i class=\"fas fa-exclamation-circle\"><\/i><span><\/span><\/div><\/span><\/lable><\/div><div class=\"themepark-comment_form_box tptext\" style=\"font-size:14px;\"><lable for=\"tpcommet3\" class=\"\"><input type=\"text\" id=\"tpcommet3\" name=\"tpcommet3\" size=\"28\" style=\"color:#616161;border: solid 1px #0000003d;\" placeholder=\"Telefon\"\/><\/lable><\/div><div class=\"themepark-comment_form_box tptext\" style=\"font-size:14px;\"><lable for=\"tpcommet4\" class=\"\"><input type=\"text\" id=\"tpcommet4\" name=\"tpcommet4\" size=\"28\" style=\"color:#616161;border: solid 1px #0000003d;\" placeholder=\"Land\/Region\"\/><\/lable><\/div><div class=\"themepark-comment_form_box tptext\" style=\"font-size:14px;\"><lable for=\"tpcommet5\" class=\"\"><input type=\"text\" id=\"tpcommet5\" name=\"tpcommet5\" size=\"28\" style=\"color:#616161;border: solid 1px #0000003d;\" placeholder=\"Bestimmungsgem\u00e4\u00dfe Verwendung \/ Zweck\"\/><\/lable><\/div><div class=\"themepark-comment_form_box tpSelect\" style=\"font-size:14px;\"><lable for=\"tpcommet6\"><p class=\"msspan\" style=\"color: #666666;\">Interessante Produktkategorien<\/p><select id=\"tpcommet6\" name=\"tpcommet6\" style=\"color:#616161;border: solid 1px #0000003d;\"><option value=\"Please select...\">Bitte w\u00e4hlen Sie...<\/option><option value=\"Single Mode Laser Diode\">Einmoden-Laserdiode<\/option><option value=\"Multi-mode Laser Diode\">Multimode-Laserdiode<\/option><option value=\"Single Mode Fiber Coupled Laser Module\">Einmoden-Glasfaser-gekoppeltes Lasermodul<\/option><option value=\"Multi-mode Fiber Coupled Laser Module\">Multimode-fasergekoppeltes Lasermodul<\/option><option value=\"Single Mode Fiber Detachable Laser Module\">Abnehmbares Lasermodul mit Einmodenfaser<\/option><option value=\"Multi-mode Fiber Detachable Laser Module\">Abnehmbares Multimode-Glasfaser-Lasermodul<\/option><option value=\"Window Package High Power Laser Diode\">Fensterpaket Hochleistungslaserdiode<\/option><option value=\"Triplex 3-Wavelength White light Fiber Coupled LaserModule\">Triplex-Lasermodul mit 3 Wellenl\u00e4ngen f\u00fcr wei\u00dfes Licht, fasergekoppelt<\/option><option value=\"Triplex 3-Wavelength White light Fiber Coupled LaserSource\">Triplex-Laserquelle mit 3 Wellenl\u00e4ngen f\u00fcr wei\u00dfes Licht, fasergekoppelt<\/option><option value=\"Duplex 2-Wavelength Fiber Coupled Laser Module\">Duplex-Lasermodul mit zwei Wellenl\u00e4ngen und fasergekoppeltem Laser<\/option><option value=\"Quplex 4-Wavelength Fiber Coupled Laser Module\">Quplex 4-Wellenl\u00e4ngen-fasergekoppeltes Lasermodul<\/option><option value=\"Medical Laser Module\">Medizinisches Lasermodul<\/option><option value=\"Ture-key Fiber Coupled Laser System\">Fasergekoppeltes Lasersystem von Ture-key<\/option><\/select><\/lable><\/div><div class=\"themepark-comment_form_box tpTextarea\" style=\"font-size:14px;\"><lable for=\"tpcommet7\"><textarea id=\"tpcommet7\" name=\"tpcommet7\" style=\"color:#616161;border: solid 1px #0000003d;\" placeholder=\"Nachricht\"><\/textarea><\/lable><\/div><div class=\"hiddeninput\"><input name=\"comment_post_ID\" type=\"hidden\" value=\"502\"\/><input name=\"author\" type=\"hidden\" class=\"author\"\/><input name=\"email\" type=\"hidden\" class=\"email\"\/><textarea name=\"comment\" style=\"display:none\" class=\"comment\"><\/textarea><input name=\"themeparklable\" type=\"hidden\" value=\"Name|Email|Company\/Unit Name|Phone|Country\/Region|Intended Use \/ Purpose|Interested product categories|message\"\/><input name=\"themeparktype\" type=\"hidden\" value=\"text|text|text|text|text|text|Select|Textarea\"\/><input name=\"redirect_to\" type=\"hidden\" value=\"https:\/\/laserdiode-ld.com\"\/><input name=\"inquiryid\" type=\"hidden\"\/><input name=\"inquirytime\" type=\"hidden\"\/><input name=\"position\" type=\"hidden\"\/><\/div><div class=\"submut_box\"><input type=\"submit\" class=\"submut_btn\" name=\"submit\" style=\"background:#9d0a10;\" value=\"Einreichen\"\/><div class=\"tishi\" style=\"color:#070707;\"><div class=\"loading\" style=\"color:#616161;\"><i class=\"fas fa-spinner\"><\/i>Einreichen...<\/div><div class=\"success\" style=\"color:#616161;\"><i class=\"fas fa-check\"><\/i>Einreichung erfolgreich!<\/div><div class=\"erro\" style=\"color:#616161;\"><i class=\"fas fa-exclamation-circle\"><\/i>Die \u00dcbermittlung ist fehlgeschlagen! Bitte versuchen Sie es sp\u00e4ter erneut.<\/div><div class=\"e-email\">E-Mail-Fehler!<\/div><div class=\"e-tel\">Falsche Telefonnummer!<\/div><\/div><\/div><input type=\"hidden\" name=\"trp-form-language\" value=\"de\"\/><\/form><\/div><div class=\"wp_clear\"><\/div><\/div><div class=\"themepark-comment_in_b\" style=\"opacity:0.83;undefinedtransform:scaleX(1.089) scaleY(1.0129)\"><\/div><\/div><\/div><div class=\"wp_clear\"><\/div><\/div>\n<\/div>\n<\/div>\n<\/div>\n<\/div>\n<\/div>\n<\/div><div class=\"layout_badh\"><\/div><\/section>\n\n\n\n<section class=\"wp-block-themepark-block-themepark-area block_layout thempark-block undefined bom20 top20\" id=\"padingmax\" style=\"background-color:#ecf0f0;padding-bottom:17px;padding-top:74px;\" data-swiper-parallax=\"-700\"><div class=\"block_layout_in\" style=\"max-width:1900px;\">\n<div class=\"wp-block-column block_layout_in is-layout-flow wp-block-column-is-layout-flow\">\n<div class=\"wp-block-themepark-block-themepark-wright content-super-p\" style=\"font-size:12px;line-height:60px;padding:10px 10px;\">\n<div class=\"wp-block-column is-layout-flow wp-block-column-is-layout-flow\">\n<h2 class=\"wp-block-heading has-text-align-center has-bonkers-font-size\">Kontaktieren Sie uns<\/h2>\n\n\n\n<div class=\"wp-block-themepark-block-themepark-xian theme_fang_out\" style=\"text-align:center;padding-top:1px;padding-bottom:10px;\"><div class=\"fangbox\" style=\"width:116px;height:2px;background:linear-gradient(90deg, #9d0a10, #000000);\"><\/div><\/div>\n<\/div>\n<\/div>\n\n\n\n<section class=\"wp-block-themepark-block-themepark-icon thempark-block themepark_icon_list_out undefined  fontm18\" id=\"nomo1\" style=\"padding-bottom:20px;padding-top:20px;\"><div class=\"themepark_icon_list_in fullicon\" style=\"\"><div class=\"themepark_icon_lists iconl4 iconls1\" style=\"\"><a class=\"themepark_icon_box bhclas\"><div class=\"themepark_icon_box_i\"><div class=\"themepark_icon_box_i_out\"><i class=\"fas fa-map-marker-alt\" style=\"color:#fff;font-size:24px;width:64px;height:64px;line-height:64px;background:#9d0a10;\"><\/i><div style=\"background:#9d0a10;\" class=\"themepark_icon_box_i_b\"><\/div><\/div><b style=\"font-size:22px;color:#040404;\">Unser Standort<\/b><\/div><div class=\"themepark_icon_box_d\" style=\"font-size:14px;height:88px;\"><span>Huading High-Tech-Industriepark, Nr. 2, Haitai Chuangxin 6th Road, Bezirk Xiqing, Tianjin<\/span><\/div><div class=\"themepark_icon_box_bac\" style=\"background:#ffffff;opacity:0.85;border-radius:15px;\"><\/div><\/a><a class=\"themepark_icon_box bhclas\"><div class=\"themepark_icon_box_i\"><div class=\"themepark_icon_box_i_out\"><i class=\"fas fa-envelope\" style=\"color:#fff;font-size:24px;width:64px;height:64px;line-height:64px;background:#9d0a10;\"><\/i><div style=\"background:#9d0a10;\" class=\"themepark_icon_box_i_b\"><\/div><\/div><b style=\"font-size:22px;color:#040404;\">Schreiben Sie uns eine E-Mail<\/b><\/div><div class=\"themepark_icon_box_d\" style=\"font-size:14px;height:88px;\"><span>info@wavespectrum-laser.com <\/span><\/div><div class=\"themepark_icon_box_bac\" style=\"background:#ffffff;opacity:0.85;border-radius:15px;\"><\/div><\/a><a class=\"themepark_icon_box bhclas\"><div class=\"themepark_icon_box_i\"><div class=\"themepark_icon_box_i_out\"><i class=\"fas fa-phone-volume\" style=\"color:#fff;font-size:24px;width:64px;height:64px;line-height:64px;background:#9d0a10;\"><\/i><div style=\"background:#9d0a10;\" class=\"themepark_icon_box_i_b\"><\/div><\/div><b style=\"font-size:22px;color:#040404;\">Rufen Sie uns an<\/b><\/div><div class=\"themepark_icon_box_d\" style=\"font-size:14px;height:88px;\"><span>+86 22 8793 1118<\/span><\/div><div class=\"themepark_icon_box_bac\" style=\"background:#ffffff;opacity:0.85;border-radius:15px;\"><\/div><\/a><a class=\"themepark_icon_box bhclas\"><div class=\"themepark_icon_box_i\"><div class=\"themepark_icon_box_i_out\"><i class=\"fas fa-comments\" style=\"color:#fff;font-size:24px;width:64px;height:64px;line-height:64px;background:#9d0a10;\"><\/i><div style=\"background:#9d0a10;\" class=\"themepark_icon_box_i_b\"><\/div><\/div><b style=\"font-size:22px;color:#040404;\">Fax<\/b><\/div><div class=\"themepark_icon_box_d\" style=\"font-size:14px;height:88px;\"><span>+86 22 8793 1118<\/span><\/div><div class=\"themepark_icon_box_bac\" style=\"background:#ffffff;opacity:0.85;border-radius:15px;\"><\/div><\/a><\/div><\/div><\/section>\n<\/div>\n<\/div><div class=\"layout_badh\"><\/div><\/section>\n\n\n\n<section class=\"wp-block-themepark-block-themepark-area block_layout thempark-block undefined bom20 top20\" id=\"padingmax\" style=\"background-color:#ecf0f0;padding-bottom:78px;padding-top:23px;\" data-swiper-parallax=\"-700\"><div class=\"block_layout_in clomnsmal\" style=\"max-width:1900px;\">\n<div class=\"wp-block-column block_layout_in is-layout-flow wp-block-column-is-layout-flow\">\n<div class=\"wp-block-themepark-block-themepark-wright content-super-p\" style=\"font-size:12px;line-height:26px;background-color:#1e8a8a;padding:1px 0px;border-radius:20px;\">\n<div class=\"wp-block-column is-layout-flow wp-block-column-is-layout-flow\">\n<section class=\"wp-block-themepark-block-themepark-imgtext thempark-block themepark_imgtext leftright moveupd  undefined nohover\" style=\"\"><div class=\"themepark_imgtext_img\" style=\"width:52%;text-align:right;\" data-swiper-parallax=\"-1800\"><img class=\"lazyload  swiper-lazy swiper-move-lazy\" style=\"\" data-src=\"https:\/\/laserdiode-ld.com\/wp-content\/uploads\/2025\/09\/78e42457-dc2c-476a-a2f3-302e95562778.png\" alt=\"\"\/><\/div><div class=\"themepark_imgtext_text\" style=\"width:45%;\" data-swiper-parallax=\"-1600\">\n<div class=\"wp-block-column is-layout-flow wp-block-column-is-layout-flow\">\n<div class=\"wp-block-themepark-block-themepark-wright content-super-p\" style=\"font-size:12px;line-height:42px;padding:10px 30px;\">\n<div class=\"wp-block-column is-layout-flow wp-block-column-is-layout-flow\">\n<div class=\"wp-block-themepark-block-themepark-xian theme_fang_out  top10\" style=\"text-align:left;padding-top:54px;\"><div class=\"fangbox\" style=\"width:undefinedpx;\"><\/div><\/div>\n\n\n\n<h2 class=\"wp-block-heading has-text-align-left has-monte-white-color has-text-color has-link-color has-bonkers-font-size wp-elements-638ba2d8345d2d039ed45276abeba1a7\"><strong>Die Wissenschaft des Lichts, die Kunst des Heilens.<\/strong><\/h2>\n\n\n\n<p class=\"has-text-align-left has-monte-white-color has-text-color has-link-color has-medium-font-size wp-elements-5b4d6ba604ab3720ac927bff1f1d89b1\">Kontaktieren Sie uns und verfolgen Sie ein gemeinsames Ziel<\/p>\n\n\n\n<p class=\"has-text-align-left has-monte-white-color has-text-color has-link-color has-normal-font-size wp-elements-7cd2ab5e1eb56e38142a5b2eb85dfeec\">Senden Sie das Formular oder eine E-Mail, und wir werden uns innerhalb von 24 Stunden mit Ihnen in Verbindung setzen.<\/p>\n<\/div>\n<\/div>\n<\/div>\n<\/div><div class=\"themepark_imgtext_ba\" style=\"opacity:1;\"><\/div><\/section>\n<\/div>\n<\/div>\n<\/div>\n<\/div><div class=\"layout_badh\"><\/div><\/section>","protected":false},"excerpt":{"rendered":"","protected":false},"author":1,"featured_media":0,"parent":0,"menu_order":0,"comment_status":"closed","ping_status":"closed","template":"","meta":{"themepark_post_bcolor":"#f5f5f5","themepark_post_width":"100% dong","themepark_post_img":"","themepark_post_img_po":"left","themepark_post_img_re":false,"themepark_post_img_cover":false,"themepark_post_img_fixed":false,"themepark_post_hide_title":true,"themepark_post_main_b":"","themepark_post_main_p":100,"themepark_paddingblock":true,"footnotes":"","_wpscp_schedule_draft_date":"","_wpscp_schedule_republish_date":"","_wpscppro_advance_schedule":false,"_wpscppro_advance_schedule_date":"","_wpscppro_dont_share_socialmedia":false,"_wpscppro_custom_social_share_image":0,"_facebook_share_type":"","_twitter_share_type":"","_linkedin_share_type":"","_pinterest_share_type":"","_linkedin_share_type_page":"","_instagram_share_type":"","_medium_share_type":"","_threads_share_type":"","_google_business_share_type":"","_selected_social_profile":[],"_wpsp_enable_custom_social_template":false,"_wpsp_social_scheduling":{"enabled":false,"datetime":null,"platforms":[],"status":"template_only","dateOption":"today","timeOption":"now","customDays":"","customHours":"","customDate":"","customTime":"","schedulingType":"absolute"},"_wpsp_active_default_template":true},"class_list":["post-73","page","type-page","status-publish","hentry"],"aioseo_notices":[],"_links":{"self":[{"href":"https:\/\/laserdiode-ld.com\/de\/wp-json\/wp\/v2\/pages\/73","targetHints":{"allow":["GET"]}}],"collection":[{"href":"https:\/\/laserdiode-ld.com\/de\/wp-json\/wp\/v2\/pages"}],"about":[{"href":"https:\/\/laserdiode-ld.com\/de\/wp-json\/wp\/v2\/types\/page"}],"author":[{"embeddable":true,"href":"https:\/\/laserdiode-ld.com\/de\/wp-json\/wp\/v2\/users\/1"}],"replies":[{"embeddable":true,"href":"https:\/\/laserdiode-ld.com\/de\/wp-json\/wp\/v2\/comments?post=73"}],"version-history":[{"count":26,"href":"https:\/\/laserdiode-ld.com\/de\/wp-json\/wp\/v2\/pages\/73\/revisions"}],"predecessor-version":[{"id":3875,"href":"https:\/\/laserdiode-ld.com\/de\/wp-json\/wp\/v2\/pages\/73\/revisions\/3875"}],"wp:attachment":[{"href":"https:\/\/laserdiode-ld.com\/de\/wp-json\/wp\/v2\/media?parent=73"}],"curies":[{"name":"wp","href":"https:\/\/api.w.org\/{rel}","templated":true}]}}