{"id":68,"date":"2025-08-26T14:35:14","date_gmt":"2025-08-26T06:35:14","guid":{"rendered":"http:\/\/themetest6.local\/?page_id=68"},"modified":"2025-11-28T13:54:52","modified_gmt":"2025-11-28T05:54:52","slug":"anwendungen","status":"publish","type":"page","link":"https:\/\/laserdiode-ld.com\/de\/anwendungen","title":{"rendered":"Anwendungen"},"content":{"rendered":"<section class=\"wp-block-themepark-block-themepark-area block_layout thempark-block undefined bom50 top50\" id=\"padingmax\" style=\"padding-top:201px;height:500px;box-sizing: border-box;width: 100%;\" data-swiper-parallax=\"-700\"><div class=\"block_layout_in\" style=\"max-width:1920px;\"><div class=\"post_in_list_head modle_title3\"><h3><span style=\"color:#ffffff;font-size:40px;\" class=\"main-title\">VIELF\u00c4LTIGE ANWENDUNGSSZENARIEN<\/span><\/h3><div class=\"title_boout\"><div class=\"title_bo\" style=\"border-bottom:2px solid #ccc;\"><\/div><\/div><\/div>\n<div class=\"wp-block-column block_layout_in is-layout-flow wp-block-column-is-layout-flow\"><\/div>\n<\/div><div class=\"layout_badh\"><div class=\"shizhezhao\" style=\"opacity:0.44;background-color:;\"><\/div><div class=\"PcOnly themepark-block_layout_ba lazyload swiper-lazy  jttj\" style=\"background-repeat:no-repeat;background-size:cover;background-position:center;\" data-background=\"https:\/\/laserdiode-ld.com\/wp-content\/uploads\/2025\/11\/application.jpg\"><\/div><div class=\"MovePnly themepark-block_layout_ba lazyload swiper-move-lazy jttj\" style=\"background-repeat:no-repeat;background-size:cover;background-position:center;\" data-background=\"https:\/\/laserdiode-ld.com\/wp-content\/uploads\/2025\/11\/application.jpg\"><\/div><\/div><\/section>\n\n\n\n<section class=\"wp-block-themepark-block-themepark-area block_layout thempark-block undefined\" id=\"padingmax\" style=\"padding-bottom:38px;padding-top:38px;\" data-swiper-parallax=\"-700\"><div class=\"block_layout_in clomnsmal\" style=\"max-width:1900px;\">\n<div class=\"wp-block-column block_layout_in is-layout-flow wp-block-column-is-layout-flow\">\n<div class=\"wp-block-themepark-block-themepark-wright content-super-p\" style=\"font-size:12px;line-height:42px;padding:10px 10px;\">\n<div class=\"wp-block-column is-layout-flow wp-block-column-is-layout-flow\">\n<h2 class=\"wp-block-heading has-text-align-center has-large-font-size\" style=\"text-transform:uppercase\"><strong><strong>Anwendungen &amp; L\u00f6sungen<\/strong><\/strong><\/h2>\n\n\n\n<p class=\"has-text-align-center has-normal-font-size\">Entdecken Sie Ihre Anwendungsl\u00f6sungen<\/p>\n\n\n\n<div class=\"wp-block-themepark-block-themepark-xian theme_fang_out\" style=\"text-align:center;padding-top:10px;padding-bottom:10px;\"><div class=\"fangbox\" style=\"width:254px;height:2px;background:linear-gradient(90deg, orange, purple);\"><\/div><\/div>\n<\/div>\n<\/div>\n\n\n\n<div class=\"wp-block-themepark-block-themepark-iconslide themepark-iconslide\" style=\"height:500px;\" data-line=\"4\" data-pc-height=\"500\" data-move-height=\"432\" data-auto=\"8\"><div class=\"themepark-iconslide-t swiper-container\"><div class=\"swiper-wrapper\"><div class=\"swiper-slide\"><div class=\"iconslide-box czjz \u9ed8\u8ba4\u5c45\u4e2d\"><div class=\"iconslide-box-in\" style=\"height:201px;\"><i class=\"fas fa-drafting-compass\" style=\"color:#ffffff;\"><\/i><b class=\"t\" style=\"font-size:23px;color:#ffffff;\">Biowissenschaftlicher Laser<\/b><a class=\"btn\" href=\"https:\/\/laserdiode-ld.com\/category\/uncategorized\/bioscience-laser\" style=\"font-size:14px;color:#ffffff;border:1px solid #ffffff;\"><span class=\"btn-t\">Weiterlesen<\/span><span class=\"btn-t-hover\" style=\"background:linear-gradient(135deg,rgb(0,159,168) 0%,rgb(0,100,105) 100%);\"><\/span><\/a><\/div><\/div><div class=\"hoverbox\" style=\"background:linear-gradient(358deg,rgb(0,101,106) 0%,rgba(255,255,255,0) 61%);\"><\/div><\/div><div class=\"swiper-slide\"><div class=\"iconslide-box czjz \u9ed8\u8ba4\u5c45\u4e2d\"><div class=\"iconslide-box-in\" style=\"height:201px;\"><i class=\"fas fa-toolbox\" style=\"color:#ffffff;\"><\/i><b class=\"t\" style=\"font-size:23px;color:#ffffff;\">Chirurgischer Laser<\/b><a class=\"btn\" href=\"https:\/\/laserdiode-ld.com\/category\/applications\/surgical-laser\" style=\"font-size:14px;color:#ffffff;border:1px solid #ffffff;\"><span class=\"btn-t\">Weiterlesen<\/span><span class=\"btn-t-hover\" style=\"background:linear-gradient(135deg,rgb(0,159,168) 0%,rgb(0,100,105) 100%);\"><\/span><\/a><\/div><\/div><div class=\"hoverbox\" style=\"background:linear-gradient(358deg,rgb(0,101,106) 0%,rgba(255,255,255,0) 61%);\"><\/div><\/div><div class=\"swiper-slide\"><div class=\"iconslide-box czjz \u9ed8\u8ba4\u5c45\u4e2d\"><div class=\"iconslide-box-in\" style=\"height:201px;\"><i class=\"fas fa-cloud-meatball\" style=\"color:#ffffff;\"><\/i><b class=\"t\" style=\"font-size:23px;color:#ffffff;\">\u00c4sthetischer Laser<\/b><a class=\"btn\" href=\"https:\/\/laserdiode-ld.com\/category\/applications\/aesthetic-laser\" style=\"font-size:14px;color:#ffffff;border:1px solid #ffffff;\"><span class=\"btn-t\">Weiterlesen<\/span><span class=\"btn-t-hover\" style=\"background:linear-gradient(135deg,rgb(0,159,168) 0%,rgb(0,100,105) 100%);\"><\/span><\/a><\/div><\/div><div class=\"hoverbox\" style=\"background:linear-gradient(358deg,rgb(0,101,106) 0%,rgba(255,255,255,0) 61%);\"><\/div><\/div><div class=\"swiper-slide\"><div class=\"iconslide-box czjz \u9ed8\u8ba4\u5c45\u4e2d\"><div class=\"iconslide-box-in\" style=\"height:201px;\"><i class=\"fas fa-glasses\" style=\"color:#ffffff;\"><\/i><b class=\"t\" style=\"font-size:23px;color:#ffffff;\">Physiotherapie Laser<\/b><a class=\"btn\" href=\"https:\/\/laserdiode-ld.com\/category\/applications\/physiotherapy-laser\" style=\"font-size:14px;color:#ffffff;border:1px solid #ffffff;\"><span class=\"btn-t\">Weiterlesen<\/span><span class=\"btn-t-hover\" style=\"background:linear-gradient(135deg,rgb(0,159,168) 0%,rgb(0,100,105) 100%);\"><\/span><\/a><\/div><\/div><div class=\"hoverbox\" style=\"background:linear-gradient(358deg,rgb(0,101,106) 0%,rgba(255,255,255,0) 61%);\"><\/div><\/div><\/div><div class=\"btn_bottom_slide\"><div class=\"btn_bottom_slide_in\"><div class=\"pagination MovePnly\"><\/div><\/div><\/div><\/div><div class=\"themepark-iconslide-p\"><div class=\"iconslide-img\"><img decoding=\"async\" src=\"https:\/\/laserdiode-ld.com\/wp-content\/uploads\/2025\/10\/27.png\" alt=\"Biowissenschaftlicher Laser\"\/><\/div><div class=\"iconslide-img\"><img decoding=\"async\" src=\"https:\/\/laserdiode-ld.com\/wp-content\/uploads\/2025\/10\/22.png\" alt=\"Chirurgischer Laser\"\/><\/div><div class=\"iconslide-img\"><img decoding=\"async\" src=\"https:\/\/laserdiode-ld.com\/wp-content\/uploads\/2025\/10\/2.png\" alt=\"\u00c4sthetischer Laser\"\/><\/div><div class=\"iconslide-img\"><img decoding=\"async\" src=\"https:\/\/laserdiode-ld.com\/wp-content\/uploads\/2025\/09\/31.png\" alt=\"Physiotherapie Laser\"\/><\/div><div class=\"zhezhao\" style=\"background:#001d1f52;\"><\/div><\/div><\/div>\n<\/div>\n<\/div><div class=\"layout_badh\"><\/div><\/section>\n\n\n\n<section class=\"wp-block-themepark-block-themepark-area block_layout thempark-block undefined\" id=\"padingmax\" style=\"padding-bottom:38px;padding-top:38px;\" data-swiper-parallax=\"-700\"><div class=\"block_layout_in\" style=\"max-width:1900px;\">\n<div class=\"wp-block-column block_layout_in is-layout-flow wp-block-column-is-layout-flow\">\n<div class=\"wp-block-columns is-layout-flex wp-container-core-columns-is-layout-9d6595d7 wp-block-columns-is-layout-flex\">\n<div class=\"wp-block-column is-layout-flow wp-block-column-is-layout-flow\" style=\"flex-basis:25%\">\n<div class=\"wp-block-themepark-block-themepark-radiusimgbox themepark-radiusimgbox\" style=\"background:#ededed;height:500px;\"><div class=\"themepark-radiusimgtext cjy\" style=\"color:#ffffff;font-size:36px;top:54px;\"><span>H\u00e4ufig gestellte Fragen<\/span><\/div><div class=\"radiusimgboximg\"><div class=\"themepark-radiusimgover\" style=\"background:linear-gradient(90deg,rgba(255,166,0,0.34) 0%,rgba(128,0,128,0.1) 100%)\"><\/div><img loading=\"lazy\" decoding=\"async\" src=\"https:\/\/laserdiode-ld.com\/wp-content\/uploads\/2025\/09\/video4.jpg\" width=\"505\" height=\"662\" alt=\"\"\/><\/div><div class=\"radiusimgbox cjy\" style=\"background:#ededed;width:800px;\"><div class=\"radiusimgbox_in\" style=\"box-shadow: 0 0 7px 7px #00000045;\">\n<div class=\"wp-block-column block_layout_in is-layout-flow wp-block-column-is-layout-flow\">\n<div class=\"wp-block-themepark-block-themepark-wright content-super-p\" style=\"font-size:12px;line-height:26px;padding:10px 10px;\">\n<div class=\"wp-block-column is-layout-flow wp-block-column-is-layout-flow\">\n<p class=\"has-medium-font-size\"><strong>Kostenloser Anruf?<\/strong><\/p>\n\n\n\n<p><\/p>\n\n\n\n<p class=\"has-normal-font-size\">Tel.: 022-87931118<\/p>\n\n\n\n<p class=\"has-normal-font-size\">E-Mail: klrww168@163.com<\/p>\n<\/div>\n<\/div>\n<\/div>\n<\/div><div class=\"radiusimgbox_j1\"><svg viewbox=\"0 0 11 11\" fill=\"none\" xmlns=\"http:\/\/www.w3.org\/2000\/svg\"><path d=\"M11 1.54972e-06L0 0L2.38419e-07 11C1.65973e-07 4.92487 4.92487 1.62217e-06 11 1.54972e-06Z\" fill=\"#ededed\"><\/path><\/svg><\/div><div class=\"radiusimgbox_j2\"><svg viewbox=\"0 0 11 11\" fill=\"none\" xmlns=\"http:\/\/www.w3.org\/2000\/svg\"><path d=\"M11 1.54972e-06L0 0L2.38419e-07 11C1.65973e-07 4.92487 4.92487 1.62217e-06 11 1.54972e-06Z\" fill=\"#ededed\"><\/path><\/svg><\/div><\/div><\/div>\n<\/div>\n\n\n\n<div class=\"wp-block-column is-layout-flow wp-block-column-is-layout-flow\" style=\"flex-basis:66.66%\">\n<div class=\"wp-block-themepark-block-themepark-wright content-super-p\" style=\"font-size:12px;line-height:42px;padding:10px 10px;\">\n<div class=\"wp-block-column is-layout-flow wp-block-column-is-layout-flow\">\n<h2 class=\"wp-block-heading has-text-align-left has-large-font-size\" style=\"text-transform:uppercase\"><strong>H\u00e4ufig gestellte Fragen<\/strong><\/h2>\n\n\n\n<p class=\"has-text-align-left has-normal-font-size\">L\u00f6sen Sie Ihre Zweifel.<\/p>\n\n\n\n<div class=\"wp-block-themepark-block-themepark-xian theme_fang_out\" style=\"text-align:left;padding-top:10px;padding-bottom:15px;\"><div class=\"fangbox\" style=\"width:254px;height:2px;background:linear-gradient(90deg, orange, purple);\"><\/div><\/div>\n<\/div>\n<\/div>\n\n\n\n<div class=\"wp-block-themepark-block-themepark-accordion thempark-block themepark-accordion active\" style=\"background-color:#ffffff;border-radius:15px;margin-bottom:10px;\"><div class=\"themepark-accordion-head\" style=\"background-color:#9d0a10;color:#ffffff;\"><span><\/span>Wie w\u00e4hle ich das richtige Lasermodell f\u00fcr meine spezifische Anwendung aus?<\/div>\n<div class=\"wp-block-column themepark-accordion-box is-layout-flow wp-block-column-is-layout-flow\">\n<div class=\"wp-block-themepark-block-themepark-wright content-super-p\" style=\"font-size:16px;line-height:28px;padding:10px 10px;\">\n<div class=\"wp-block-column is-layout-flow wp-block-column-is-layout-flow\">\n<p>Das beste Modell h\u00e4ngt von Ihrem Ziel, der erforderlichen Wellenl\u00e4nge, Leistung und Konfiguration ab. Bitte wenden Sie sich mit Ihren spezifischen Anforderungen an unsere Anwendungsspezialisten, um eine individuelle Empfehlung zu erhalten.<\/p>\n<\/div>\n<\/div>\n<\/div>\n<\/div>\n\n\n\n<div class=\"wp-block-themepark-block-themepark-accordion thempark-block themepark-accordion\" style=\"background-color:#ffffff;border-radius:15px;margin-bottom:10px;\"><div class=\"themepark-accordion-head\" style=\"background-color:#9d0a10;color:#ffffff;\"><span><\/span>Was ist der Unterschied zwischen Ihren \u00e4sthetischen und physiotherapeutischen Lasern?<\/div>\n<div class=\"wp-block-column themepark-accordion-box is-layout-flow wp-block-column-is-layout-flow\">\n<div class=\"wp-block-themepark-block-themepark-wright content-super-p\" style=\"font-size:16px;line-height:28px;padding:10px 10px;\">\n<div class=\"wp-block-column is-layout-flow wp-block-column-is-layout-flow\">\n<p>\u00c4sthetische Laser nutzen photothermische Effekte f\u00fcr kosmetische Behandlungen wie Hautverj\u00fcngung. Physiotherapeutische Laser verwenden Licht geringer Intensit\u00e4t, um die Heilung anzuregen und Schmerzen ohne nennenswerte W\u00e4rmeentwicklung zu lindern.<\/p>\n<\/div>\n<\/div>\n<\/div>\n<\/div>\n\n\n\n<div class=\"wp-block-themepark-block-themepark-accordion thempark-block themepark-accordion\" style=\"background-color:#ffffff;border-radius:15px;margin-bottom:10px;\"><div class=\"themepark-accordion-head\" style=\"background-color:#9d0a10;color:#ffffff;\"><span><\/span>Bieten Sie nach dem Kauf Schulungen und technischen Support an?<\/div>\n<div class=\"wp-block-column themepark-accordion-box is-layout-flow wp-block-column-is-layout-flow\">\n<div class=\"wp-block-themepark-block-themepark-wright content-super-p\" style=\"font-size:16px;line-height:28px;padding:10px 10px;\">\n<div class=\"wp-block-column is-layout-flow wp-block-column-is-layout-flow\">\n<p>Ja. Wir bieten umfassende Schulungen vor Ort und fortlaufenden technischen Support, um einen reibungslosen Betrieb zu gew\u00e4hrleisten.<\/p>\n<\/div>\n<\/div>\n<\/div>\n<\/div>\n\n\n\n<div class=\"wp-block-themepark-block-themepark-accordion thempark-block themepark-accordion\" style=\"background-color:#ffffff;border-radius:15px;margin-bottom:10px;\"><div class=\"themepark-accordion-head\" style=\"background-color:#9d0a10;color:#ffffff;\"><span><\/span>Was sind die Hauptvorteile Ihrer chirurgischen Laser?<\/div>\n<div class=\"wp-block-column themepark-accordion-box is-layout-flow wp-block-column-is-layout-flow\">\n<div class=\"wp-block-themepark-block-themepark-wright content-super-p\" style=\"font-size:16px;line-height:28px;padding:10px 10px;\">\n<div class=\"wp-block-column is-layout-flow wp-block-column-is-layout-flow\">\n<p>Unsere chirurgischen Laser bieten Pr\u00e4zision, minimale Invasivit\u00e4t und hohe Effizienz. Sie erm\u00f6glichen eine genaue Gewebeablation mit weniger Blutungen und einer schnelleren Genesung der Patienten.<\/p>\n<\/div>\n<\/div>\n<\/div>\n<\/div>\n\n\n\n<div class=\"wp-block-themepark-block-themepark-accordion thempark-block themepark-accordion\" style=\"background-color:#ffffff;border-radius:15px;margin-bottom:10px;\"><div class=\"themepark-accordion-head\" style=\"background-color:#9d0a10;color:#ffffff;\"><span><\/span>Wie unterscheiden sich Laser in der Biowissenschaft und Physiotherapie in ihrer Anwendung?<\/div>\n<div class=\"wp-block-column themepark-accordion-box is-layout-flow wp-block-column-is-layout-flow\">\n<div class=\"wp-block-themepark-block-themepark-wright content-super-p\" style=\"font-size:16px;line-height:28px;padding:10px 10px;\">\n<div class=\"wp-block-column is-layout-flow wp-block-column-is-layout-flow\">\n<p>Biowissenschaftliche Laser werden f\u00fcr Forschung und Entwicklung sowie zur Analyse von Zellen und Molek\u00fclen eingesetzt. Physiotherapeutische Laser dienen der klinischen Behandlung, f\u00f6rdern die Gewebereparatur und lindern Schmerzen auf Organebene.<\/p>\n<\/div>\n<\/div>\n<\/div>\n<\/div>\n<\/div>\n<\/div>\n<\/div>\n<\/div><div class=\"layout_badh\"><\/div><\/section>","protected":false},"excerpt":{"rendered":"","protected":false},"author":1,"featured_media":0,"parent":0,"menu_order":0,"comment_status":"closed","ping_status":"closed","template":"","meta":{"themepark_post_bcolor":"#f5f5f5","themepark_post_width":"100%","themepark_post_img":"","themepark_post_img_po":"left","themepark_post_img_re":false,"themepark_post_img_cover":false,"themepark_post_img_fixed":false,"themepark_post_hide_title":true,"themepark_post_main_b":"","themepark_post_main_p":100,"themepark_paddingblock":true,"footnotes":"","_wpscp_schedule_draft_date":"","_wpscp_schedule_republish_date":"","_wpscppro_advance_schedule":false,"_wpscppro_advance_schedule_date":"","_wpscppro_dont_share_socialmedia":false,"_wpscppro_custom_social_share_image":0,"_facebook_share_type":"","_twitter_share_type":"","_linkedin_share_type":"","_pinterest_share_type":"","_linkedin_share_type_page":"","_instagram_share_type":"","_medium_share_type":"","_threads_share_type":"","_google_business_share_type":"","_selected_social_profile":[],"_wpsp_enable_custom_social_template":false,"_wpsp_social_scheduling":{"enabled":false,"datetime":null,"platforms":[],"status":"template_only","dateOption":"today","timeOption":"now","customDays":"","customHours":"","customDate":"","customTime":"","schedulingType":"absolute"},"_wpsp_active_default_template":true},"class_list":["post-68","page","type-page","status-publish","hentry"],"aioseo_notices":[],"_links":{"self":[{"href":"https:\/\/laserdiode-ld.com\/de\/wp-json\/wp\/v2\/pages\/68","targetHints":{"allow":["GET"]}}],"collection":[{"href":"https:\/\/laserdiode-ld.com\/de\/wp-json\/wp\/v2\/pages"}],"about":[{"href":"https:\/\/laserdiode-ld.com\/de\/wp-json\/wp\/v2\/types\/page"}],"author":[{"embeddable":true,"href":"https:\/\/laserdiode-ld.com\/de\/wp-json\/wp\/v2\/users\/1"}],"replies":[{"embeddable":true,"href":"https:\/\/laserdiode-ld.com\/de\/wp-json\/wp\/v2\/comments?post=68"}],"version-history":[{"count":31,"href":"https:\/\/laserdiode-ld.com\/de\/wp-json\/wp\/v2\/pages\/68\/revisions"}],"predecessor-version":[{"id":3792,"href":"https:\/\/laserdiode-ld.com\/de\/wp-json\/wp\/v2\/pages\/68\/revisions\/3792"}],"wp:attachment":[{"href":"https:\/\/laserdiode-ld.com\/de\/wp-json\/wp\/v2\/media?parent=68"}],"curies":[{"name":"wp","href":"https:\/\/api.w.org\/{rel}","templated":true}]}}